{"id":1040,"date":"2018-03-01T00:00:00","date_gmt":"2018-02-28T23:00:00","guid":{"rendered":"https:\/\/edulica.edu.pl\/?page_id=1040"},"modified":"2025-08-26T17:37:49","modified_gmt":"2025-08-26T15:37:49","slug":"bip","status":"publish","type":"page","link":"https:\/\/edulica.edu.pl\/index.php\/bip\/","title":{"rendered":"BIP"},"content":{"rendered":"<style type=\"text\/css\"><\/style>\n<div class=\"wp-block-columns is-layout-flex wp-container-core-columns-is-layout-9d6595d7 wp-block-columns-is-layout-flex\">\n<div class=\"wp-block-column is-layout-flow wp-block-column-is-layout-flow\" style=\"flex-basis:25%\">\n<p><\/p>\n<\/div>\n\n\n\n<div class=\"wp-block-column is-layout-flow wp-block-column-is-layout-flow\" style=\"flex-basis:50%\">\n<p><\/p>\n<\/div>\n\n\n\n<div class=\"wp-block-column is-layout-flow wp-block-column-is-layout-flow\" style=\"flex-basis:25%\">\n<figure class=\"wp-block-image size-large is-resized\"><img loading=\"lazy\" decoding=\"async\" width=\"1024\" height=\"364\" src=\"https:\/\/edulica.edu.pl\/wp-content\/uploads\/2025\/08\/logo_bip-1024x364.jpg\" alt=\"\" class=\"wp-image-1460\" style=\"width:187px\" srcset=\"https:\/\/edulica.edu.pl\/wp-content\/uploads\/2025\/08\/logo_bip-1024x364.jpg 1024w, https:\/\/edulica.edu.pl\/wp-content\/uploads\/2025\/08\/logo_bip-300x107.jpg 300w, https:\/\/edulica.edu.pl\/wp-content\/uploads\/2025\/08\/logo_bip-768x273.jpg 768w, https:\/\/edulica.edu.pl\/wp-content\/uploads\/2025\/08\/logo_bip-580x206.jpg 580w, https:\/\/edulica.edu.pl\/wp-content\/uploads\/2025\/08\/logo_bip-860x306.jpg 860w, https:\/\/edulica.edu.pl\/wp-content\/uploads\/2025\/08\/logo_bip.jpg 1095w\" sizes=\"auto, (max-width: 1024px) 100vw, 1024px\" \/><\/figure>\n<\/div>\n<\/div>\n\n\n\n<h2 class=\"wp-block-heading\">Dane teleadresowe<\/h2>\n\n\n\n<figure class=\"wp-block-table is-style-regular\"><table class=\"has-fixed-layout\"><tbody><tr><td>\n        <strong>Przedszkole Publiczne Edulica<\/strong>\n        <br>\n        <br>ul. Jurajska 4\/4,5,6<br>02-699 Warszawa<br>\n        <br>Telefon: <a href=\"tel:+48795077011\">795&nbsp;077&nbsp;011<\/a>\n        <br>E-mail: <a href=\"mailto:jurajska@edulica.pl\">jurajska@edulica.pl<\/a>\n        <br>\n        <br>Organ prowadz\u0105cy: Edulica Sp. z o.o.\n      <\/td><td>\n        <strong>Przedszkole Publiczne Edulica 1<\/strong>\n        <br>\n        <br>ul. rtm. Witolda Pileckiego 67\/1<br>02-781 Warszawa<br>\n        <br>Telefon: <a href=\"tel:+48795077011\">795&nbsp;077&nbsp;011<\/a>\n        <br>E-mail: <a href=\"mailto:pileckiego@edulica.pl\">pileckiego@edulica.pl<\/a>\n        <br>\n        <br>Organ prowadz\u0105cy: Edulica 1 Sp. z o.o.\n      <\/td><td>\n        <strong>Przedszkole Publiczne Edulica 2<\/strong>\n        <br>\n        <br>ul. Szeligowska 53\/LU1<br>01-320 Warszawa<br>\n        <br>Telefon: <a href=\"tel:+48795011033\">795&nbsp;011&nbsp;033<\/a>\n        <br>E-mail: <a href=\"mailto:szeligowska@edulica.pl\">szeligowska@edulica.pl<\/a>\n        <br>\n        <br>Organ prowadz\u0105cy: Edulica 2 Sp. z o.o.\n      <\/td><td>\n        <strong>Przedszkole Publiczne Edulica 3<\/strong>\n        <br>\n        <br>ul. Wojciecha Chrzanowskiego 14\/601<br>04-392 Warszawa<br>\n        <br>Telefon: <a href=\"tel:+48534011033\">534&nbsp;011&nbsp;033<\/a>\n        <br>E-mail: <a href=\"mailto:chrzanowskiego@edulica.pl\">chrzanowskiego@edulica.pl<\/a>\n        <br>\n        <br>Organ prowadz\u0105cy: Edulica 3 Sp. z o.o.\n      <\/td><\/tr><tr><td>\n        <strong>Przedszkole Publiczne Edulica 4<\/strong>\n        <br>\n        <br>ul. Jana Kazimierza 48\/U1<br>01-248 Warszawa<br>\n        <br>Telefon: <a href=\"tel:+48731055022\">731&nbsp;055&nbsp;022<\/a>\n        <br>E-mail: <a href=\"mailto:j.kazimierza@edulica.pl\">j.kazimierza@edulica.pl<\/a>\n        <br>\n        <br>Organ prowadz\u0105cy: Edulica 4 Sp. z o.o.\n      <\/td><td>\n        <strong>Przedszkole Publiczne Edulica 5<\/strong>\n        <br>\n        <br>ul. O\u0142awska 1\/U1<br>01-494 Warszawa<br>\n        <br>Telefon: <a href=\"tel:+48884077055\">884&nbsp;077&nbsp;055<\/a>\n        <br>E-mail: <a href=\"mailto:olawska@edulica.pl\">olawska@edulica.pl<\/a>\n        <br>\n        <br>Organ prowadz\u0105cy: Edulica 5 Sp. z o.o.\n      <\/td><td>\n        <strong>Przedszkole Publiczne Edulica 6<\/strong>\n        <br>\n        <br>ul. Zdzis\u0142awa Beksi\u0144skiego 1<br>03-184 Warszawa<br>\n        <br>Telefon: <a href=\"tel:+48792088044\">792&nbsp;088&nbsp;044<\/a>\n        <br>E-mail: <a href=\"mailto:beksinskiego@edulica.pl\">beksinskiego@edulica.pl<\/a>\n        <br>\n        <br>Organ prowadz\u0105cy: Edulica6 Sp. z o.o.\n      <\/td><td>\n        <strong>Przedszkole Publiczne Edulica 9<\/strong>\n        <br>\n        <br>ul. Wiktoryn 6A\/LU1<br>02-463 Warszawa<br>\n        <br>Telefon: <a href=\"tel:+48797854584\">797&nbsp;854&nbsp;584<\/a>\n        <br>E-mail: <a href=\"mailto:wiktoryn@edulica.pl\">wiktoryn@edulica.pl<\/a>\n        <br>\n        <br>Organ prowadz\u0105cy: Edulica 9 Sp. z o.o.\n      <\/td><\/tr><\/tbody><\/table><\/figure>\n\n\n\n<div class=\"h-divider\">\n  <div class=\"shadow\"><\/div>\n<\/div>\n\n\n\n<h2 class=\"wp-block-heading\">Pliki do pobrania<\/h2>\n\n\n\n<div style=\"color: white; background-color: #d90000; float: left; padding: 0px 2px 0px; margin: 0px 5px 0px; border-radius: 5px;\">PDF<\/div>\n\n\n\n<div class=\"wp-block-file\"><a id=\"wp-block-file--media-fa7005c9-4a81-4065-90be-82f344c77560\" href=\"https:\/\/edulica.edu.pl\/wp-content\/uploads\/2025\/08\/2025-Edulica-Raport-dostepnosci.pdf\">2025 Edulica &#8211; Raport dost\u0119pno\u015bci<\/a><\/div>\n\n\n\n<div style=\"color: white; background-color: #d90000; float: left; padding: 0px 2px 0px; margin: 0px 5px 0px; border-radius: 5px;\">PDF<\/div>\n\n\n\n<div class=\"wp-block-file\"><a id=\"wp-block-file--media-02f817f8-7c68-4203-98f4-2dcb05b64170\" href=\"https:\/\/edulica.edu.pl\/wp-content\/uploads\/2025\/08\/2025-Edulica-1-Raport-dostepnosci.pdf\">2025 Edulica 1 &#8211; Raport dost\u0119pno\u015bci<\/a><\/div>\n\n\n\n<div style=\"color: white; background-color: #d90000; float: left; padding: 0px 2px 0px; margin: 0px 5px 0px; border-radius: 5px;\">PDF<\/div>\n\n\n\n<div class=\"wp-block-file\"><a id=\"wp-block-file--media-2b495df4-a743-47e7-9c48-d8abad343f44\" href=\"https:\/\/edulica.edu.pl\/wp-content\/uploads\/2025\/08\/2025-Edulica-2-Raport-dostepnosci.pdf\">2025 Edulica 2 &#8211; Raport dost\u0119pno\u015bci<\/a><\/div>\n\n\n\n<div style=\"color: white; background-color: #d90000; float: left; padding: 0px 2px 0px; margin: 0px 5px 0px; border-radius: 5px;\">PDF<\/div>\n\n\n\n<div class=\"wp-block-file\"><a id=\"wp-block-file--media-d87cc1ef-20b8-4703-be52-648dac5df51d\" href=\"https:\/\/edulica.edu.pl\/wp-content\/uploads\/2025\/08\/2025-Edulica-3-Raport-dostepnosci.pdf\">2025 Edulica 3 &#8211; Raport dost\u0119pno\u015bci<\/a><\/div>\n\n\n\n<div style=\"color: white; background-color: #d90000; float: left; padding: 0px 2px 0px; margin: 0px 5px 0px; border-radius: 5px;\">PDF<\/div>\n\n\n\n<div class=\"wp-block-file\"><a id=\"wp-block-file--media-8e11ba80-a0a2-4b49-9aa8-d329a6172d26\" href=\"https:\/\/edulica.edu.pl\/wp-content\/uploads\/2025\/08\/2025-Edulica-4-Raport-dostepnosci.pdf\">2025 Edulica 4 &#8211; Raport dost\u0119pno\u015bci<\/a><\/div>\n\n\n\n<div style=\"color: white; background-color: #d90000; float: left; padding: 0px 2px 0px; margin: 0px 5px 0px; border-radius: 5px;\">PDF<\/div>\n\n\n\n<div class=\"wp-block-file\"><a id=\"wp-block-file--media-4cc37460-4990-4959-a7e0-680f1b99f515\" href=\"https:\/\/edulica.edu.pl\/wp-content\/uploads\/2025\/08\/2025-Edulica-5-Raport-dostepnosci.pdf\">2025 Edulica 5 &#8211; Raport dost\u0119pno\u015bci<\/a><\/div>\n\n\n\n<div style=\"color: white; background-color: #d90000; float: left; padding: 0px 2px 0px; margin: 0px 5px 0px; border-radius: 5px;\">PDF<\/div>\n\n\n\n<div class=\"wp-block-file\"><a id=\"wp-block-file--media-293fb738-7f11-432b-bef7-56afa5582bc3\" href=\"https:\/\/edulica.edu.pl\/wp-content\/uploads\/2025\/08\/2025-Edulica-6-Raport-dostepnosci.pdf\">2025 Edulica 6 &#8211; Raport dost\u0119pno\u015bci<\/a><\/div>\n\n\n\n<div style=\"color: white; background-color: #d90000; float: left; padding: 0px 2px 0px; margin: 0px 5px 0px; border-radius: 5px;\">PDF<\/div>\n\n\n\n<div class=\"wp-block-file\"><a id=\"wp-block-file--media-fd8ca8f8-b527-4c72-ba0a-80ac3fc08121\" href=\"https:\/\/edulica.edu.pl\/wp-content\/uploads\/2025\/08\/2025-Edulica-9-Raport-dostepnosci.pdf\">2025 Edulica 9 &#8211; Raport dost\u0119pno\u015bci<\/a><\/div>\n\n\n\n<div class=\"h-divider\">\n  <div class=\"shadow\"><\/div>\n<\/div>\n\n\n\n<h2 class=\"wp-block-heading\">Przydatne linki<\/h2>\n\n\n\n<div class=\"wp-block-group is-layout-grid wp-container-core-group-is-layout-9649a0d9 wp-block-group-is-layout-grid\">\n<figure class=\"wp-block-image size-large kontakt_ikony wp-duotone-rgb3377149-rgb3377149-1\"><a href=\"https:\/\/rspo.gov.pl\/institutions?q=%7B%22filter%22:%22Edulica%22%7D\" target=\"_blank\" rel=\" noreferrer noopener\"><img loading=\"lazy\" decoding=\"async\" width=\"140\" height=\"45\" src=\"https:\/\/edulica.edu.pl\/wp-content\/uploads\/2025\/08\/icon_rspo.svg\" alt=\"Rejestr Szk\u00f3\u0142 i Plac\u00f3wek O\u015bwiatowych\" class=\"wp-image-1469\"\/><\/a><\/figure>\n<\/div>\n","protected":false},"excerpt":{"rendered":"<p>Dane teleadresowe Przedszkole Publiczne Edulica ul. Jurajska 4\/4,5,602-699 Warszawa Telefon: 795&nbsp;077&nbsp;011 E-mail: jurajska@edulica.pl Organ prowadz\u0105cy: Edulica Sp. z o.o. Przedszkole Publiczne Edulica 1 ul. rtm. Witolda Pileckiego 67\/102-781 Warszawa Telefon: 795&nbsp;077&nbsp;011 E-mail: pileckiego@edulica.pl Organ prowadz\u0105cy: Edulica 1 Sp. z o.o. Przedszkole Publiczne Edulica 2 ul. Szeligowska 53\/LU101-320 Warszawa Telefon: 795&nbsp;011&nbsp;033 E-mail: szeligowska@edulica.pl Organ prowadz\u0105cy: Edulica&#8230;<\/p>\n","protected":false},"author":1,"featured_media":0,"parent":0,"menu_order":0,"comment_status":"closed","ping_status":"closed","template":"","meta":{"inline_featured_image":false,"footnotes":""},"class_list":["post-1040","page","type-page","status-publish","hentry"],"_links":{"self":[{"href":"https:\/\/edulica.edu.pl\/index.php\/wp-json\/wp\/v2\/pages\/1040","targetHints":{"allow":["GET"]}}],"collection":[{"href":"https:\/\/edulica.edu.pl\/index.php\/wp-json\/wp\/v2\/pages"}],"about":[{"href":"https:\/\/edulica.edu.pl\/index.php\/wp-json\/wp\/v2\/types\/page"}],"author":[{"embeddable":true,"href":"https:\/\/edulica.edu.pl\/index.php\/wp-json\/wp\/v2\/users\/1"}],"replies":[{"embeddable":true,"href":"https:\/\/edulica.edu.pl\/index.php\/wp-json\/wp\/v2\/comments?post=1040"}],"version-history":[{"count":40,"href":"https:\/\/edulica.edu.pl\/index.php\/wp-json\/wp\/v2\/pages\/1040\/revisions"}],"predecessor-version":[{"id":1509,"href":"https:\/\/edulica.edu.pl\/index.php\/wp-json\/wp\/v2\/pages\/1040\/revisions\/1509"}],"wp:attachment":[{"href":"https:\/\/edulica.edu.pl\/index.php\/wp-json\/wp\/v2\/media?parent=1040"}],"curies":[{"name":"wp","href":"https:\/\/api.w.org\/{rel}","templated":true}]}}