{"id":17,"date":"2021-07-17T12:51:15","date_gmt":"2021-07-17T10:51:15","guid":{"rendered":"http:\/\/test.edulica.pl\/?page_id=17"},"modified":"2026-03-02T14:34:07","modified_gmt":"2026-03-02T13:34:07","slug":"start","status":"publish","type":"page","link":"https:\/\/edulica.edu.pl\/","title":{"rendered":"Strona G\u0142\u00f3wna"},"content":{"rendered":"<style type=\"text\/css\">\r\n\t#foogallery-gallery-209 .fg-image {\r\n        width: 350px;\r\n    }\r\n<\/style>\n<div class=\"wp-block-nextend-smartslider3\" style=\"margin-top:-45px; margin-bottom: 35px;\"><\/div>\n\n\n\n<h1 class=\"wp-block-heading\">Dlaczego Edulica?<\/h1>\n\n\n\n<h4 class=\"wp-block-heading has-text-color has-link-color has-medium-font-size wp-elements-32f82558ec5f9b2ec0326a19d6089833\" id=\"p_justify\" style=\"color:#fb6b47\"><em>PRZEDSZKOLE PUBLICZNE EDULICA POWSTA\u0141O Z PASJI, POTRZEBY I MI\u0141O\u015aCI DO DZIECI. Z TEGO TE\u017b POWODU NOSI W NAZWIE IMI\u0118 RZYMSKIEJ PATRONKI, CZCZONEJ JAKO OPIEKUNKA DZIECI. JEST ONA R\u00d3WNIE\u017b PATRONK\u0104 NASZEGO PRZEDSZKOLA.<\/em><\/h4>\n\n\n\n<p class=\"p_justify\">EDULICA to wyj\u0105tkowe przedszkola publiczne na mapie Warszawy. Zapewniamy optymalne warunki rozwoju dla ka\u017cdego dziecka w&nbsp;wieku od 2,5 do 6 lat, zar\u00f3wno w&nbsp;zakresie metod edukacji przedszkolnej jak i&nbsp;w tworzeniu idealnej przestrzeni. Nasze plac\u00f3wki spe\u0142niaj\u0105 wszelkie wymagania stawiane przez UE w zakresie bezpiecze\u0144stwa i&nbsp;higieny pomieszcze\u0144 przedszkolnych. Posiadamy sale dydaktyczne, ka\u017cda z dost\u0119pem do specjalnie zaprojektowanej \u0142azienki, gabinet logopedy, psychologa, w\u0142asny plac zabaw a&nbsp;tak\u017ce sal\u0119 gimnastyczn\u0105. W ka\u017cdej plac\u00f3wce znajduje si\u0119 w&nbsp;pe\u0142ni wyposa\u017cone zaplecze gastronomiczne. Wyposa\u017cenie przedszkoli posiada stosowne atesty i&nbsp;certyfikaty.<\/p>\n\n\n\n<div class=\"h-divider\">\n  <div class=\"shadow\"><\/div>\n<\/div>\n\n\n\n<p class=\"has-text-align-center has-text-color has-link-color wp-elements-b2f8a0e7347e6638936e542b713758b9\" style=\"color:#129990;font-size:20px\"><em>\u201eKiedy \u015bmieje si\u0119 dziecko, \u015bmieje si\u0119 ca\u0142y \u015bwiat.\u201d<\/em><\/p>\n\n\n\n<p class=\"has-text-align-center has-text-color has-link-color wp-elements-4c4cae6e146c4193d095bf811b7dff8d\" style=\"color:#129990;font-size:20px\">Janusz Korczak<\/p>\n\n\n\n<div class=\"h-divider\">\n  <div class=\"shadow\"><\/div>\n<\/div>\n\n\n\n<h2 class=\"wp-block-heading has-text-align-center\">Co oferujemy Twojemu dziecku?<\/h2>\n\n\n\n<div class=\"wp-block-group\"><div class=\"wp-block-group__inner-container is-layout-flow wp-block-group-is-layout-flow\">\n<div class=\"wp-block-group\"><div class=\"wp-block-group__inner-container is-layout-flow wp-block-group-is-layout-flow\">\n<div class=\"wp-block-group\"><div class=\"wp-block-group__inner-container is-layout-flow wp-block-group-is-layout-flow\">\n<div class=\"wp-block-columns is-layout-flex wp-container-core-columns-is-layout-9d6595d7 wp-block-columns-is-layout-flex\">\n<div class=\"wp-block-column is-layout-flow wp-block-column-is-layout-flow\">\n<div class=\"wp-block-group\"><div class=\"wp-block-group__inner-container is-layout-flow wp-block-group-is-layout-flow\">\n<figure class=\"wp-block-image size-full is-resized\"><img loading=\"lazy\" decoding=\"async\" width=\"256\" height=\"256\" src=\"https:\/\/edulica.edu.pl\/wp-content\/uploads\/2025\/08\/Zarowka-pomysl-256-kolor.png\" alt=\"Ikona \u017car\u00f3wki z trybem w \u015brodku\" class=\"wp-image-1404\" style=\"object-fit:cover;width:120px;height:120px\" srcset=\"https:\/\/edulica.edu.pl\/wp-content\/uploads\/2025\/08\/Zarowka-pomysl-256-kolor.png 256w, https:\/\/edulica.edu.pl\/wp-content\/uploads\/2025\/08\/Zarowka-pomysl-256-kolor-150x150.png 150w, https:\/\/edulica.edu.pl\/wp-content\/uploads\/2025\/08\/Zarowka-pomysl-256-kolor-70x70.png 70w\" sizes=\"auto, (max-width: 256px) 100vw, 256px\" \/><\/figure>\n\n\n\n<h3 class=\"wp-block-heading has-text-align-center\"><strong>Inspiruj\u0105ce nauczanie<\/strong><\/h3>\n<\/div><\/div>\n\n\n\n<p class=\"has-text-align-center\">Realizujemy Podstaw\u0119 Programow\u0105 MEN oraz sw\u00f3j autorski program wzbogacony nowatorskimi metodami pracy z&nbsp;dzie\u0107mi.<\/p>\n<\/div>\n\n\n\n<div class=\"wp-block-column is-layout-flow wp-block-column-is-layout-flow\">\n<div class=\"wp-block-group\"><div class=\"wp-block-group__inner-container is-layout-flow wp-block-group-is-layout-flow\">\n<figure class=\"wp-block-image size-full is-resized is-style-default\"><img loading=\"lazy\" decoding=\"async\" width=\"256\" height=\"256\" src=\"https:\/\/edulica.edu.pl\/wp-content\/uploads\/2025\/08\/Kuchnia-256-kolor.png\" alt=\"Ikona podgrzewanego garnka\" class=\"wp-image-1420\" style=\"width:120px;height:120px\" srcset=\"https:\/\/edulica.edu.pl\/wp-content\/uploads\/2025\/08\/Kuchnia-256-kolor.png 256w, https:\/\/edulica.edu.pl\/wp-content\/uploads\/2025\/08\/Kuchnia-256-kolor-150x150.png 150w, https:\/\/edulica.edu.pl\/wp-content\/uploads\/2025\/08\/Kuchnia-256-kolor-70x70.png 70w\" sizes=\"auto, (max-width: 256px) 100vw, 256px\" \/><\/figure>\n\n\n\n<h3 class=\"wp-block-heading has-text-align-center\"><strong>Posi\u0142ki przygotowywane na miejscu<\/strong><\/h3>\n<\/div><\/div>\n\n\n\n<p class=\"has-text-align-center\">W ka\u017cdej plac\u00f3wce znajduje si\u0119 profesjonalnie wyposa\u017cona kuchnia. Gotujemy zgodnie z&nbsp;zaleceniami dietetyka &#8211; pe\u0142nowarto\u015bciowo, zdrowo, kolorowo i&nbsp;smacznie. A&nbsp;dzieci zach\u0119camy do poznawania nowych smak\u00f3w.<\/p>\n<\/div>\n<\/div>\n\n\n\n<hr class=\"wp-block-separator has-alpha-channel-opacity is-style-default hide-on-mobile-device\"\/>\n\n\n\n<div class=\"wp-block-columns is-layout-flex wp-container-core-columns-is-layout-9d6595d7 wp-block-columns-is-layout-flex\">\n<div class=\"wp-block-column is-layout-flow wp-block-column-is-layout-flow\">\n<div class=\"wp-block-group\"><div class=\"wp-block-group__inner-container is-layout-flow wp-block-group-is-layout-flow\">\n<figure class=\"wp-block-image size-full is-resized is-style-default\"><img loading=\"lazy\" decoding=\"async\" width=\"256\" height=\"256\" src=\"https:\/\/edulica.edu.pl\/wp-content\/uploads\/2025\/08\/Plac-zabaw-256.png\" alt=\"Ikona placu zabaw\" class=\"wp-image-1417\" style=\"width:120px;height:120px\" srcset=\"https:\/\/edulica.edu.pl\/wp-content\/uploads\/2025\/08\/Plac-zabaw-256.png 256w, https:\/\/edulica.edu.pl\/wp-content\/uploads\/2025\/08\/Plac-zabaw-256-150x150.png 150w, https:\/\/edulica.edu.pl\/wp-content\/uploads\/2025\/08\/Plac-zabaw-256-70x70.png 70w\" sizes=\"auto, (max-width: 256px) 100vw, 256px\" \/><\/figure>\n\n\n\n<h3 class=\"wp-block-heading has-text-align-center\"><strong>Plac zabaw<\/strong><\/h3>\n<\/div><\/div>\n\n\n\n<p class=\"has-text-align-center\">Ka\u017cda nasza plac\u00f3wka ma prywatny plac zabaw, na&nbsp;kt\u00f3rym Twoje dziecko b\u0119dzie cieszy\u0107 si\u0119 beztrosk\u0105 zabaw\u0105, a&nbsp;Ty &#8211; jego bezpiecze\u0144stwem.<\/p>\n<\/div>\n\n\n\n<div class=\"wp-block-column is-layout-flow wp-block-column-is-layout-flow\">\n<div class=\"wp-block-group\"><div class=\"wp-block-group__inner-container is-layout-flow wp-block-group-is-layout-flow\">\n<figure class=\"wp-block-image size-full is-resized is-style-default\"><img loading=\"lazy\" decoding=\"async\" width=\"256\" height=\"256\" src=\"https:\/\/edulica.edu.pl\/wp-content\/uploads\/2025\/08\/Skakanka-256-kolor.png\" alt=\"Ikona skakanki\" class=\"wp-image-1418\" style=\"width:120px;height:120px\" srcset=\"https:\/\/edulica.edu.pl\/wp-content\/uploads\/2025\/08\/Skakanka-256-kolor.png 256w, https:\/\/edulica.edu.pl\/wp-content\/uploads\/2025\/08\/Skakanka-256-kolor-150x150.png 150w, https:\/\/edulica.edu.pl\/wp-content\/uploads\/2025\/08\/Skakanka-256-kolor-70x70.png 70w\" sizes=\"auto, (max-width: 256px) 100vw, 256px\" \/><\/figure>\n\n\n\n<h3 class=\"wp-block-heading has-text-align-center\"><strong>Sala gimnastyczna<\/strong><\/h3>\n<\/div><\/div>\n\n\n\n<p class=\"has-text-align-center\">We wszystkich naszych plac\u00f3wkach posiadamy w\u0142asn\u0105 sal\u0119 gimnastyczn\u0105, dzi\u0119ki&nbsp;kt\u00f3rej wszystkie zaj\u0119cia sportowe mo\u017cemy przeprowadza\u0107 na terenie przedszkola.<\/p>\n<\/div>\n<\/div>\n\n\n\n<hr class=\"wp-block-separator has-alpha-channel-opacity is-style-default hide-on-mobile-device\"\/>\n\n\n\n<div class=\"wp-block-columns is-layout-flex wp-container-core-columns-is-layout-9d6595d7 wp-block-columns-is-layout-flex\">\n<div class=\"wp-block-column is-layout-flow wp-block-column-is-layout-flow\">\n<div class=\"wp-block-group\"><div class=\"wp-block-group__inner-container is-layout-flow wp-block-group-is-layout-flow\">\n<figure class=\"wp-block-image size-full is-resized is-style-default\"><img loading=\"lazy\" decoding=\"async\" width=\"256\" height=\"256\" src=\"https:\/\/edulica.edu.pl\/wp-content\/uploads\/2025\/08\/Puchar-256-kolor.png\" alt=\"Ikona ksi\u0105\u017cki z ze stoj\u0105cym na niej pucharem\" class=\"wp-image-1421\" style=\"width:120px;height:120px\" srcset=\"https:\/\/edulica.edu.pl\/wp-content\/uploads\/2025\/08\/Puchar-256-kolor.png 256w, https:\/\/edulica.edu.pl\/wp-content\/uploads\/2025\/08\/Puchar-256-kolor-150x150.png 150w, https:\/\/edulica.edu.pl\/wp-content\/uploads\/2025\/08\/Puchar-256-kolor-70x70.png 70w\" sizes=\"auto, (max-width: 256px) 100vw, 256px\" \/><\/figure>\n\n\n\n<h3 class=\"wp-block-heading has-text-align-center\"><strong>Zaj\u0119cia dodatkowe<\/strong><\/h3>\n<\/div><\/div>\n\n\n\n<p class=\"has-text-align-center\">Oferujemy szerok\u0105 gam\u0119 bezp\u0142atnych zaj\u0119\u0107 dodatkowych, aby&nbsp;Twoje dziecko mog\u0142o si\u0119 rozwija\u0107 w wyznaczonym kierunku.<\/p>\n<\/div>\n\n\n\n<div class=\"wp-block-column is-layout-flow wp-block-column-is-layout-flow\">\n<div class=\"wp-block-group\"><div class=\"wp-block-group__inner-container is-layout-flow wp-block-group-is-layout-flow\">\n<figure class=\"wp-block-image size-full is-resized is-style-default\"><img loading=\"lazy\" decoding=\"async\" width=\"256\" height=\"256\" src=\"https:\/\/edulica.edu.pl\/wp-content\/uploads\/2025\/08\/Trasa-256-kolor.png\" alt=\"Ikona trasy\" class=\"wp-image-1422\" style=\"width:120px;height:120px\" srcset=\"https:\/\/edulica.edu.pl\/wp-content\/uploads\/2025\/08\/Trasa-256-kolor.png 256w, https:\/\/edulica.edu.pl\/wp-content\/uploads\/2025\/08\/Trasa-256-kolor-150x150.png 150w, https:\/\/edulica.edu.pl\/wp-content\/uploads\/2025\/08\/Trasa-256-kolor-70x70.png 70w\" sizes=\"auto, (max-width: 256px) 100vw, 256px\" \/><\/figure>\n\n\n\n<h3 class=\"wp-block-heading has-text-align-center\"><strong>Wygodny dojazd<\/strong><\/h3>\n<\/div><\/div>\n\n\n\n<p class=\"has-text-align-center\">Nasze przedszkola znajduj\u0105 si\u0119 w&nbsp;miejscach dogodnych dla&nbsp;mieszka\u0144c\u00f3w ca\u0142ej Warszawy.<\/p>\n<\/div>\n<\/div>\n\n\n\n<div class=\"h-divider\">\n  <div class=\"shadow\"><\/div>\n<\/div>\n<\/div><\/div>\n<\/div><\/div>\n<\/div><\/div>\n\n\n\n<h2 class=\"wp-block-heading has-text-align-center\">Nasz standard<\/h2>\n\n\n\n<div class=\"wp-block-group\"><div class=\"wp-block-group__inner-container is-layout-flow wp-block-group-is-layout-flow\">\r\n\t\t\t\t<div class=\"foogallery foogallery-container foogallery-default foogallery-lightbox-foobox fg-gutter-25 fg-center fg-m-col2 fg-default fg-light fg-round-medium fg-shadow-medium fg-loading-dots fg-loaded-fade-in fg-ready\" id=\"foogallery-gallery-209\" data-foogallery=\"{&quot;item&quot;:{&quot;showCaptionTitle&quot;:false,&quot;showCaptionDescription&quot;:false},&quot;lazy&quot;:true}\" >\r\n\t<div class=\"fg-item fg-type-image fg-idle\"><figure class=\"fg-item-inner\"><a href=\"https:\/\/edulica.edu.pl\/wp-content\/uploads\/2021\/07\/g2-1.jpg\" data-attachment-id=\"211\" data-type=\"image\" class=\"fg-thumb\"><span class=\"fg-image-wrap\"><img fetchpriority=\"high\" decoding=\"async\" width=\"350\" height=\"220\" class=\"skip-lazy fg-image\" data-src-fg=\"https:\/\/edulica.edu.pl\/wp-content\/uploads\/cache\/2021\/07\/g2-1\/3764654550.jpg\" src=\"data:image\/svg+xml,%3Csvg%20xmlns%3D%22http%3A%2F%2Fwww.w3.org%2F2000%2Fsvg%22%20width%3D%22350%22%20height%3D%22220%22%20viewBox%3D%220%200%20350%20220%22%3E%3C%2Fsvg%3E\" loading=\"eager\"><\/span><span class=\"fg-image-overlay\"><\/span><\/a><figcaption class=\"fg-caption\"><div class=\"fg-caption-inner\"><\/div><\/figcaption><\/figure><div class=\"fg-loader\"><\/div><\/div><div class=\"fg-item fg-type-image fg-idle\"><figure class=\"fg-item-inner\"><a href=\"https:\/\/edulica.edu.pl\/wp-content\/uploads\/2021\/07\/g3-1.jpg\" data-attachment-id=\"212\" data-type=\"image\" class=\"fg-thumb\"><span class=\"fg-image-wrap\"><img decoding=\"async\" width=\"350\" height=\"220\" class=\"skip-lazy fg-image\" data-src-fg=\"https:\/\/edulica.edu.pl\/wp-content\/uploads\/cache\/2021\/07\/g3-1\/615176560.jpg\" src=\"data:image\/svg+xml,%3Csvg%20xmlns%3D%22http%3A%2F%2Fwww.w3.org%2F2000%2Fsvg%22%20width%3D%22350%22%20height%3D%22220%22%20viewBox%3D%220%200%20350%20220%22%3E%3C%2Fsvg%3E\" loading=\"eager\"><\/span><span class=\"fg-image-overlay\"><\/span><\/a><figcaption class=\"fg-caption\"><div class=\"fg-caption-inner\"><\/div><\/figcaption><\/figure><div class=\"fg-loader\"><\/div><\/div><div class=\"fg-item fg-type-image fg-idle\"><figure class=\"fg-item-inner\"><a href=\"https:\/\/edulica.edu.pl\/wp-content\/uploads\/2021\/07\/g1-1.jpg\" data-attachment-id=\"210\" data-type=\"image\" class=\"fg-thumb\"><span class=\"fg-image-wrap\"><img decoding=\"async\" width=\"350\" height=\"220\" class=\"skip-lazy fg-image\" data-src-fg=\"https:\/\/edulica.edu.pl\/wp-content\/uploads\/cache\/2021\/07\/g1-1\/2760324706.jpg\" src=\"data:image\/svg+xml,%3Csvg%20xmlns%3D%22http%3A%2F%2Fwww.w3.org%2F2000%2Fsvg%22%20width%3D%22350%22%20height%3D%22220%22%20viewBox%3D%220%200%20350%20220%22%3E%3C%2Fsvg%3E\" loading=\"eager\"><\/span><span class=\"fg-image-overlay\"><\/span><\/a><figcaption class=\"fg-caption\"><div class=\"fg-caption-inner\"><\/div><\/figcaption><\/figure><div class=\"fg-loader\"><\/div><\/div><div class=\"fg-item fg-type-image fg-idle\"><figure class=\"fg-item-inner\"><a href=\"https:\/\/edulica.edu.pl\/wp-content\/uploads\/2021\/07\/g5-1.jpg\" data-attachment-id=\"214\" data-type=\"image\" class=\"fg-thumb\"><span class=\"fg-image-wrap\"><img decoding=\"async\" width=\"350\" height=\"220\" class=\"skip-lazy fg-image\" data-src-fg=\"https:\/\/edulica.edu.pl\/wp-content\/uploads\/cache\/2021\/07\/g5-1\/2142105095.jpg\" src=\"data:image\/svg+xml,%3Csvg%20xmlns%3D%22http%3A%2F%2Fwww.w3.org%2F2000%2Fsvg%22%20width%3D%22350%22%20height%3D%22220%22%20viewBox%3D%220%200%20350%20220%22%3E%3C%2Fsvg%3E\" loading=\"eager\"><\/span><span class=\"fg-image-overlay\"><\/span><\/a><figcaption class=\"fg-caption\"><div class=\"fg-caption-inner\"><\/div><\/figcaption><\/figure><div class=\"fg-loader\"><\/div><\/div><div class=\"fg-item fg-type-image fg-idle\"><figure class=\"fg-item-inner\"><a href=\"https:\/\/edulica.edu.pl\/wp-content\/uploads\/2021\/07\/g4-1.jpg\" data-attachment-id=\"213\" data-type=\"image\" class=\"fg-thumb\"><span class=\"fg-image-wrap\"><img decoding=\"async\" width=\"350\" height=\"220\" class=\"skip-lazy fg-image\" data-src-fg=\"https:\/\/edulica.edu.pl\/wp-content\/uploads\/cache\/2021\/07\/g4-1\/1772248766.jpg\" src=\"data:image\/svg+xml,%3Csvg%20xmlns%3D%22http%3A%2F%2Fwww.w3.org%2F2000%2Fsvg%22%20width%3D%22350%22%20height%3D%22220%22%20viewBox%3D%220%200%20350%20220%22%3E%3C%2Fsvg%3E\" loading=\"eager\"><\/span><span class=\"fg-image-overlay\"><\/span><\/a><figcaption class=\"fg-caption\"><div class=\"fg-caption-inner\"><\/div><\/figcaption><\/figure><div class=\"fg-loader\"><\/div><\/div><div class=\"fg-item fg-type-image fg-idle\"><figure class=\"fg-item-inner\"><a href=\"https:\/\/edulica.edu.pl\/wp-content\/uploads\/2021\/07\/g6-1.jpg\" data-attachment-id=\"215\" data-type=\"image\" class=\"fg-thumb\"><span class=\"fg-image-wrap\"><img decoding=\"async\" width=\"350\" height=\"220\" class=\"skip-lazy fg-image\" data-src-fg=\"https:\/\/edulica.edu.pl\/wp-content\/uploads\/cache\/2021\/07\/g6-1\/995019187.jpg\" src=\"data:image\/svg+xml,%3Csvg%20xmlns%3D%22http%3A%2F%2Fwww.w3.org%2F2000%2Fsvg%22%20width%3D%22350%22%20height%3D%22220%22%20viewBox%3D%220%200%20350%20220%22%3E%3C%2Fsvg%3E\" loading=\"eager\"><\/span><span class=\"fg-image-overlay\"><\/span><\/a><figcaption class=\"fg-caption\"><div class=\"fg-caption-inner\"><\/div><\/figcaption><\/figure><div class=\"fg-loader\"><\/div><\/div><\/div>\r\n<\/div><\/div>\n","protected":false},"excerpt":{"rendered":"<p>Dlaczego Edulica? PRZEDSZKOLE PUBLICZNE EDULICA POWSTA\u0141O Z PASJI, POTRZEBY I MI\u0141O\u015aCI DO DZIECI. Z TEGO TE\u017b POWODU NOSI W NAZWIE IMI\u0118 RZYMSKIEJ PATRONKI, CZCZONEJ JAKO OPIEKUNKA DZIECI. JEST ONA R\u00d3WNIE\u017b PATRONK\u0104 NASZEGO PRZEDSZKOLA. EDULICA to wyj\u0105tkowe przedszkola publiczne na mapie Warszawy. Zapewniamy optymalne warunki rozwoju dla ka\u017cdego dziecka w&nbsp;wieku od 2,5 do 6 lat, zar\u00f3wno&#8230;<\/p>\n","protected":false},"author":1,"featured_media":0,"parent":0,"menu_order":0,"comment_status":"closed","ping_status":"closed","template":"","meta":{"inline_featured_image":false,"footnotes":""},"class_list":["post-17","page","type-page","status-publish","hentry"],"_links":{"self":[{"href":"https:\/\/edulica.edu.pl\/index.php\/wp-json\/wp\/v2\/pages\/17","targetHints":{"allow":["GET"]}}],"collection":[{"href":"https:\/\/edulica.edu.pl\/index.php\/wp-json\/wp\/v2\/pages"}],"about":[{"href":"https:\/\/edulica.edu.pl\/index.php\/wp-json\/wp\/v2\/types\/page"}],"author":[{"embeddable":true,"href":"https:\/\/edulica.edu.pl\/index.php\/wp-json\/wp\/v2\/users\/1"}],"replies":[{"embeddable":true,"href":"https:\/\/edulica.edu.pl\/index.php\/wp-json\/wp\/v2\/comments?post=17"}],"version-history":[{"count":183,"href":"https:\/\/edulica.edu.pl\/index.php\/wp-json\/wp\/v2\/pages\/17\/revisions"}],"predecessor-version":[{"id":1712,"href":"https:\/\/edulica.edu.pl\/index.php\/wp-json\/wp\/v2\/pages\/17\/revisions\/1712"}],"wp:attachment":[{"href":"https:\/\/edulica.edu.pl\/index.php\/wp-json\/wp\/v2\/media?parent=17"}],"curies":[{"name":"wp","href":"https:\/\/api.w.org\/{rel}","templated":true}]}}