{"id":20,"date":"2021-07-17T12:53:30","date_gmt":"2021-07-17T10:53:30","guid":{"rendered":"http:\/\/test.edulica.pl\/?page_id=20"},"modified":"2025-08-27T12:22:57","modified_gmt":"2025-08-27T10:22:57","slug":"lokalizacje","status":"publish","type":"page","link":"https:\/\/edulica.edu.pl\/index.php\/lokalizacje\/","title":{"rendered":"Lokalizacje"},"content":{"rendered":"<style type=\"text\/css\"><\/style>\r\n<h1 class=\"wp-block-heading has-text-align-center has-text-color\"><span style=\"background-color:rgba(0, 0, 0, 0);color:#129990\" class=\"has-inline-color\">Lokalizacje naszych plac\u00f3wek<\/span><\/h1>\r\n\r\n\r\n\r\n<div class=\"wp-block-spacer\" style=\"height: 30px;\" aria-hidden=\"true\">\u00a0<\/div>\r\n\r\n\r\n\r\n<div class=\"wp-block-columns is-layout-flex wp-container-core-columns-is-layout-9d6595d7 wp-block-columns-is-layout-flex\">\r\n<div class=\"wp-block-column is-layout-flow wp-block-column-is-layout-flow\" style=\"flex-basis: 60%\"> <iframe loading=\"lazy\" src=\"https:\/\/www.google.com\/maps\/d\/embed?mid=11IdvZvX2pCQuxsF6x6E_noxnuGQPUTM\" width=\"680\" height=\"480\"><\/iframe><!-- stara: 1ckt4fTVK_tASzfNo0AWWThX43BOmN7Ro --><\/div>\r\n\r\n\r\n\r\n<div class=\"wp-block-column is-vertically-aligned-center is-layout-flow wp-block-column-is-layout-flow\">\r\n<div class=\"wp-block-buttons is-layout-flex wp-block-buttons-is-layout-flex\">\r\n<div class=\"wp-block-button has-custom-width wp-block-button__width-100\"><a class=\"wp-block-button__link has-background lokalizacja_olawska\" style=\"border-radius: 25px; color: #01006d; text-decoration:none\" href=\"https:\/\/edulica.edu.pl\/index.php\/olawska\/\">Bemowo &#8211; ul. O\u0142awska<\/a><\/div>\r\n<\/div>\r\n\r\n\r\n\r\n<div class=\"wp-block-spacer\" style=\"height: 4px;\" aria-hidden=\"true\">\u00a0<\/div>\r\n\r\n\r\n\r\n<div class=\"wp-block-buttons is-layout-flex wp-block-buttons-is-layout-flex\">\r\n<div class=\"wp-block-button has-custom-width wp-block-button__width-100\"><a class=\"wp-block-button__link has-background lokalizacja_szeligowska\" style=\"border-radius: 25px; color: #01006d; text-decoration:none\" href=\"https:\/\/edulica.edu.pl\/index.php\/szeligowska\/\">Bemowo &#8211; ul.Szeligowska<\/a><\/div>\r\n<\/div>\r\n\r\n\r\n\r\n<div class=\"wp-block-spacer\" style=\"height: 4px;\" aria-hidden=\"true\">\u00a0<\/div>\r\n\r\n\r\n\r\n<div class=\"wp-block-buttons is-layout-flex wp-block-buttons-is-layout-flex\">\r\n<div class=\"wp-block-button has-custom-width wp-block-button__width-100\"><a class=\"wp-block-button__link has-background lokalizacja_beksinskiego\" style=\"border-radius: 25px; color: #01006d; text-decoration:none\" href=\"https:\/\/edulica.edu.pl\/index.php\/beksinskiego\/\">Bia\u0142o\u0142\u0119ka &#8211; ul. Beksi\u0144skiego<\/a><\/div>\r\n<\/div>\r\n\r\n\r\n\r\n<div class=\"wp-block-spacer\" style=\"height: 4px;\" aria-hidden=\"true\">\u00a0<\/div>\r\n\r\n\r\n\r\n<div class=\"wp-block-buttons is-layout-flex wp-block-buttons-is-layout-flex\">\r\n<div class=\"wp-block-button has-custom-width wp-block-button__width-100\"><a class=\"wp-block-button__link has-background lokalizacja_chrzanowskiego\" style=\"border-radius: 25px; color: #01006d; text-decoration:none\" href=\"https:\/\/edulica.edu.pl\/index.php\/chrzanowskiego\/\">Praga-Po\u0142udnie &#8211; ul. Chrzanowskiego<\/a><\/div>\r\n<\/div>\r\n\r\n\r\n\r\n<div class=\"wp-block-spacer\" style=\"height: 4px;\" aria-hidden=\"true\">\u00a0<\/div>\r\n\r\n\r\n\r\n<div class=\"wp-block-buttons is-layout-flex wp-block-buttons-is-layout-flex\">\r\n<div class=\"wp-block-button has-custom-width wp-block-button__width-100\"><a class=\"wp-block-button__link has-background lokalizacja_jurajska\" style=\"border-radius: 25px; color: #01006d; text-decoration:none\" href=\"https:\/\/edulica.edu.pl\/index.php\/jurajska\/\" rel=\"\">Ursyn\u00f3w &#8211; ul. Jurajska<\/a><\/div>\r\n<\/div>\r\n\r\n\r\n\r\n<div class=\"wp-block-spacer\" style=\"height: 4px;\" aria-hidden=\"true\">\u00a0<\/div>\r\n\r\n\r\n\r\n<div class=\"wp-block-buttons is-layout-flex wp-block-buttons-is-layout-flex\">\r\n<div class=\"wp-block-button has-custom-width wp-block-button__width-100\"><a class=\"wp-block-button__link has-background lokalizacja_pileckiego\"  style=\"border-radius: 25px; color: #01006d; text-decoration:none\" href=\"https:\/\/edulica.edu.pl\/index.php\/pileckiego\/\">Ursyn\u00f3w &#8211; ul. Pileckiego<\/a><\/div>\r\n<\/div>\r\n\r\n\r\n\r\n<div class=\"wp-block-spacer\" style=\"height: 4px;\" aria-hidden=\"true\">\u00a0<\/div>\r\n\r\n\r\n\r\n<div class=\"wp-block-buttons is-layout-flex wp-block-buttons-is-layout-flex\">\r\n<div class=\"wp-block-button has-custom-width wp-block-button__width-100\"><a class=\"wp-block-button__link has-background lokalizacja_wiktoryn\" style=\"border-radius: 25px; color: #01006d; text-decoration:none\" href=\"https:\/\/edulica.edu.pl\/index.php\/wiktoryn\/\">W\u0142ochy &#8211; ul. Wiktoryn<\/a><\/div>\r\n<\/div>\r\n\r\n\r\n\r\n<div class=\"wp-block-spacer\" style=\"height: 4px;\" aria-hidden=\"true\">\u00a0<\/div>\r\n\r\n\r\n\r\n<div class=\"wp-block-buttons is-layout-flex wp-block-buttons-is-layout-flex\">\r\n<div class=\"wp-block-button has-custom-width wp-block-button__width-100\"><a class=\"wp-block-button__link has-background lokalizacja_kazimierza\" style=\"border-radius: 25px; color: #01006d; text-decoration:none\" href=\"https:\/\/edulica.edu.pl\/index.php\/jana-kazimierza\/\">Wola &#8211; ul. Jana Kazimierza<\/a><\/div>\r\n<\/div>\r\n<\/div>\r\n<\/div>\r\n\r\n\r\n\r\n<p>&nbsp;<\/p>\r\n","protected":false},"excerpt":{"rendered":"<p>Lokalizacje naszych plac\u00f3wek &nbsp;<\/p>\n","protected":false},"author":1,"featured_media":0,"parent":0,"menu_order":0,"comment_status":"closed","ping_status":"closed","template":"","meta":{"inline_featured_image":false,"footnotes":""},"class_list":["post-20","page","type-page","status-publish","hentry"],"_links":{"self":[{"href":"https:\/\/edulica.edu.pl\/index.php\/wp-json\/wp\/v2\/pages\/20","targetHints":{"allow":["GET"]}}],"collection":[{"href":"https:\/\/edulica.edu.pl\/index.php\/wp-json\/wp\/v2\/pages"}],"about":[{"href":"https:\/\/edulica.edu.pl\/index.php\/wp-json\/wp\/v2\/types\/page"}],"author":[{"embeddable":true,"href":"https:\/\/edulica.edu.pl\/index.php\/wp-json\/wp\/v2\/users\/1"}],"replies":[{"embeddable":true,"href":"https:\/\/edulica.edu.pl\/index.php\/wp-json\/wp\/v2\/comments?post=20"}],"version-history":[{"count":103,"href":"https:\/\/edulica.edu.pl\/index.php\/wp-json\/wp\/v2\/pages\/20\/revisions"}],"predecessor-version":[{"id":1521,"href":"https:\/\/edulica.edu.pl\/index.php\/wp-json\/wp\/v2\/pages\/20\/revisions\/1521"}],"wp:attachment":[{"href":"https:\/\/edulica.edu.pl\/index.php\/wp-json\/wp\/v2\/media?parent=20"}],"curies":[{"name":"wp","href":"https:\/\/api.w.org\/{rel}","templated":true}]}}