{"id":26,"date":"2021-07-17T12:56:02","date_gmt":"2021-07-17T10:56:02","guid":{"rendered":"http:\/\/test.edulica.pl\/?page_id=26"},"modified":"2025-08-26T14:17:30","modified_gmt":"2025-08-26T12:17:30","slug":"szeligowska","status":"publish","type":"page","link":"https:\/\/edulica.edu.pl\/index.php\/szeligowska\/","title":{"rendered":"Bemowo &#8211; ul. Szeligowska"},"content":{"rendered":"<style type=\"text\/css\">\r\n\t#foogallery-gallery-434 .fg-image {\r\n        width: 200px;\r\n    }\r\n<\/style>\r\n<h1 class=\"wp-block-heading has-text-align-center\"><span style=\"margin: 0px 20px 0px\">Bemowo &#8211; ul.\u00a0Szeligowska<\/span>\r\n<svg aria-hidden=\"true\" focusable=\"false\" viewBox=\"0 0 36 36\" height=\"40\" width=\"40\"><a href=\"https:\/\/www.facebook.com\/profile.php?id=100057421330826\" role=\"link\" tabindex=\"0\"><path fill=\"#0866ff\" d=\"M20.181 35.87C29.094 34.791 36 27.202 36 18c0-9.941-8.059-18-18-18S0 8.059 0 18c0 8.442 5.811 15.526 13.652 17.471L14 34h5.5l.681 1.87Z\"><\/path><path fill=\"#ffffff\" d=\"M13.651 35.471v-11.97H9.936V18h3.715v-2.37c0-6.127 2.772-8.964 8.784-8.964 1.138 0 3.103.223 3.91.446v4.983c-.425-.043-1.167-.065-2.081-.065-2.952 0-4.09 1.116-4.09 4.025V18h5.883l-1.008 5.5h-4.867v12.37a18.183 18.183 0 0 1-6.53-.399Z\"><\/path><\/a><\/svg>\r\n<\/h1>\r\n\r\n\r\n\r\n\r\n\r\n<div class=\"wp-block-media-text is-stacked-on-mobile is-image-fill-element has-background\" style=\"background-color: #87b0ff80; margin-bottom: 40px;\">\r\n<figure class=\"wp-block-media-text__media\"><img loading=\"lazy\" decoding=\"async\" width=\"1160\" height=\"540\" class=\"wp-image-636 size-cmsmasters-full-thumb\" style=\"object-position: 50% 50%;\" src=\"https:\/\/edulica.edu.pl\/wp-content\/uploads\/2021\/07\/PANA3626-1160x540.jpg\" alt=\"Plac zabaw przedszkola Edulica przy ulicy Szeligowskiej\" srcset=\"https:\/\/edulica.edu.pl\/wp-content\/uploads\/2021\/07\/PANA3626-1160x540.jpg 1160w, https:\/\/edulica.edu.pl\/wp-content\/uploads\/2021\/07\/PANA3626-860x400.jpg 860w\" sizes=\"auto, (max-width: 1160px) 100vw, 1160px\" \/><\/figure>\r\n<div class=\"wp-block-media-text__content\">\r\n<blockquote class=\"wp-block-quote is-layout-flow wp-block-quote-is-layout-flow\">\r\n<p class=\"has-text-align-center\"><em>Przedszkole Publiczne z w\u0142asnym, ogromnym placem zabaw.<\/em><\/p>\r\n<\/blockquote>\r\n<\/div>\r\n<\/div>\r\n\r\n\r\n\r\n<div class=\"h-divider\">\r\n  <div class=\"shadow\"><\/div>\r\n<\/div>\r\n\r\n\r\n\r\n<h2 class=\"wp-block-heading has-text-align-center\">Atuty plac\u00f3wki<\/h2>\r\n\r\n\r\n\r\n<ul class=\"wp-block-list\">\r\n<li>Ogromny plac zabaw (1200 m<sup>2<\/sup>)<\/li>\r\n\r\n\r\n\r\n<li>W\u0142asna kuchnia &#8211; posi\u0142ki przygotowywane s\u0105 na miejscu ze \u015bwie\u017cych produkt\u00f3w i zgodnie z wytycznymi dietetyka dzieci\u0119cego.<\/li>\r\n\r\n\r\n\r\n<li>Liczne BEZP\u0141ATNE zaj\u0119cia dodatkowe:\r\n<ul class=\"wp-block-list sublist\">\r\n<li><strong>J\u0119zyk angielski<\/strong> &#8211; przez \u015bmiech, piosenki i zabaw\u0119 dzieci os\u0142uchuj\u0105 si\u0119 z j\u0119zykiem i w naturalny spos\u00f3b przyswajaj\u0105 pierwsze s\u0142owa oraz zwroty.<\/li>\r\n\r\n\r\n\r\n<li><strong>Profilaktyka logopedyczna<\/strong> &#8211; dzi\u0119ki \u0107wiczeniom oddechowym, artykulacyjnym i s\u0142uchowym dzieci ucz\u0105 si\u0119 prawid\u0142owej wymowy, rozwijaj\u0105 mow\u0119 i przygotowuj\u0105 si\u0119 do przysz\u0142ych sukces\u00f3w w czytaniu i pisaniu.<\/li>\r\n\r\n\r\n\r\n<li><strong>Zaj\u0119cia taneczne<\/strong> &#8211; dzieci rozwijaj\u0105 nie tylko sprawno\u015b\u0107 ruchow\u0105 i koordynacj\u0119, ale r\u00f3wnie\u017c poczucie rytmu, wyobra\u017ani\u0119 i rado\u015b\u0107 z bycia cz\u0119\u015bci\u0105 grupy.<\/li>\r\n\r\n\r\n\r\n<li><strong>Gimnastyka<\/strong> &#8211; z naszym fizjoterapeut\u0105 dzieci ucz\u0105 si\u0119, jak zadba\u0107 o swoje cia\u0142o. \u0106wiczenia wspieraj\u0105 prawid\u0142owy rozw\u00f3j fizyczny, wzmacniaj\u0105 mi\u0119\u015bnie i zapobiegaj\u0105 wadom postawy \u2013 wszystko w duchu dobrej zabawy i w atmosferze bezpiecze\u0144stwa.<\/li>\r\n\r\n\r\n\r\n<li><strong>Sensoplastyka<\/strong> \u2013 tu dzieci mog\u0105 brudzi\u0107 si\u0119 do woli! Eksperymenty z kolorami, teksturami i zapachami, rozwijaj\u0105 wszystkie zmys\u0142y i pozwalaj\u0105 da\u0107 upust kreatywno\u015bci. To terapia przez zabaw\u0119, kt\u00f3ra przynosi mn\u00f3stwo rado\u015bci i wzmacnia rozw\u00f3j sensoryczny.<\/li>\r\n\r\n\r\n\r\n<li><strong>Warsztaty muzyczne<\/strong> &#8211; dzieci \u015bpiewaj\u0105, graj\u0105 na instrumentach, ucz\u0105 si\u0119 rytmu i wsp\u00f3lnego muzykowania.<\/li>\r\n\r\n\r\n\r\n<li><strong>Origami<\/strong> &#8211; sztuka sk\u0142adania papieru to nie tylko \u015bwietna zabawa, ale te\u017c doskona\u0142e \u0107wiczenie rozwijaj\u0105ce motoryk\u0119 ma\u0142\u0105 oraz wyobra\u017ani\u0119 przestrzenn\u0105. Nasi mali arty\u015bci ucz\u0105 si\u0119 te\u017c cierpliwo\u015bci, skupienia i precyzji.<\/li>\r\n\r\n\r\n\r\n<li><strong>Bajkoterapia<\/strong> &#8211; opowie\u015bci pe\u0142ne m\u0105dro\u015bci, ciep\u0142a i warto\u015bci pomagaj\u0105 dzieciom rozumie\u0107 emocje, oswaja\u0107 trudne tematy i budowa\u0107 poczucie bezpiecze\u0144stwa.<\/li>\r\n<\/ul>\r\n<\/li>\r\n<\/ul>\r\n\r\n\r\n<div class=\"wp-block-column\">\r\n\t\t\t\t<div class=\"foogallery foogallery-container foogallery-default foogallery-lightbox-foobox fg-gutter-10 fg-center fg-m-col2 fg-default fg-light fg-round-small fg-shadow-small fg-loading-default fg-loaded-fade-in fg-caption-hover fg-hover-fade fg-hover-zoom fg-ready\" id=\"foogallery-gallery-434\" data-foogallery=\"{&quot;item&quot;:{&quot;showCaptionTitle&quot;:true,&quot;showCaptionDescription&quot;:true},&quot;lazy&quot;:true}\" >\r\n\t<div class=\"fg-item fg-type-image fg-idle\"><figure class=\"fg-item-inner\"><a href=\"https:\/\/edulica.edu.pl\/wp-content\/uploads\/2021\/07\/PANA3626.jpg\" data-attachment-id=\"636\" data-type=\"image\" class=\"fg-thumb\"><span class=\"fg-image-wrap\"><img decoding=\"async\" alt=\"Plac zabaw przedszkola Edulica przy ulicy Szeligowskiej\" width=\"200\" height=\"150\" class=\"skip-lazy fg-image\" data-src-fg=\"https:\/\/edulica.edu.pl\/wp-content\/uploads\/cache\/2021\/07\/PANA3626\/2397631609.jpg\" src=\"data:image\/svg+xml,%3Csvg%20xmlns%3D%22http%3A%2F%2Fwww.w3.org%2F2000%2Fsvg%22%20width%3D%22200%22%20height%3D%22150%22%20viewBox%3D%220%200%20200%20150%22%3E%3C%2Fsvg%3E\" loading=\"eager\"><\/span><span class=\"fg-image-overlay\"><\/span><\/a><figcaption class=\"fg-caption\"><div class=\"fg-caption-inner\"><\/div><\/figcaption><\/figure><div class=\"fg-loader\"><\/div><\/div><div class=\"fg-item fg-type-image fg-idle\"><figure class=\"fg-item-inner\"><a href=\"https:\/\/edulica.edu.pl\/wp-content\/uploads\/2021\/07\/PANA3618.jpg\" data-attachment-id=\"634\" data-type=\"image\" class=\"fg-thumb\"><span class=\"fg-image-wrap\"><img decoding=\"async\" alt=\"Zdj\u0119cie placu zabaw przedszkola Edulica przy ul. Szeligowskiej\" width=\"200\" height=\"150\" class=\"skip-lazy fg-image\" data-src-fg=\"https:\/\/edulica.edu.pl\/wp-content\/uploads\/cache\/2021\/07\/PANA3618\/3602763621.jpg\" src=\"data:image\/svg+xml,%3Csvg%20xmlns%3D%22http%3A%2F%2Fwww.w3.org%2F2000%2Fsvg%22%20width%3D%22200%22%20height%3D%22150%22%20viewBox%3D%220%200%20200%20150%22%3E%3C%2Fsvg%3E\" loading=\"eager\"><\/span><span class=\"fg-image-overlay\"><\/span><\/a><figcaption class=\"fg-caption\"><div class=\"fg-caption-inner\"><\/div><\/figcaption><\/figure><div class=\"fg-loader\"><\/div><\/div><div class=\"fg-item fg-type-image fg-idle\"><figure class=\"fg-item-inner\"><a href=\"https:\/\/edulica.edu.pl\/wp-content\/uploads\/2021\/07\/PANA3621.jpg\" data-attachment-id=\"635\" data-type=\"image\" class=\"fg-thumb\"><span class=\"fg-image-wrap\"><img decoding=\"async\" width=\"200\" height=\"150\" class=\"skip-lazy fg-image\" data-src-fg=\"https:\/\/edulica.edu.pl\/wp-content\/uploads\/cache\/2021\/07\/PANA3621\/669933918.jpg\" src=\"data:image\/svg+xml,%3Csvg%20xmlns%3D%22http%3A%2F%2Fwww.w3.org%2F2000%2Fsvg%22%20width%3D%22200%22%20height%3D%22150%22%20viewBox%3D%220%200%20200%20150%22%3E%3C%2Fsvg%3E\" loading=\"eager\"><\/span><span class=\"fg-image-overlay\"><\/span><\/a><figcaption class=\"fg-caption\"><div class=\"fg-caption-inner\"><\/div><\/figcaption><\/figure><div class=\"fg-loader\"><\/div><\/div><div class=\"fg-item fg-type-image fg-idle\"><figure class=\"fg-item-inner\"><a href=\"https:\/\/edulica.edu.pl\/wp-content\/uploads\/2021\/07\/PANA3642.jpg\" data-attachment-id=\"638\" data-type=\"image\" class=\"fg-thumb\"><span class=\"fg-image-wrap\"><img decoding=\"async\" width=\"200\" height=\"150\" class=\"skip-lazy fg-image\" data-src-fg=\"https:\/\/edulica.edu.pl\/wp-content\/uploads\/cache\/2021\/07\/PANA3642\/4017614041.jpg\" src=\"data:image\/svg+xml,%3Csvg%20xmlns%3D%22http%3A%2F%2Fwww.w3.org%2F2000%2Fsvg%22%20width%3D%22200%22%20height%3D%22150%22%20viewBox%3D%220%200%20200%20150%22%3E%3C%2Fsvg%3E\" loading=\"eager\"><\/span><span class=\"fg-image-overlay\"><\/span><\/a><figcaption class=\"fg-caption\"><div class=\"fg-caption-inner\"><\/div><\/figcaption><\/figure><div class=\"fg-loader\"><\/div><\/div><div class=\"fg-item fg-type-image fg-idle\"><figure class=\"fg-item-inner\"><a href=\"https:\/\/edulica.edu.pl\/wp-content\/uploads\/2021\/07\/PANA3635.jpg\" data-attachment-id=\"637\" data-type=\"image\" class=\"fg-thumb\"><span class=\"fg-image-wrap\"><img decoding=\"async\" width=\"200\" height=\"150\" class=\"skip-lazy fg-image\" data-src-fg=\"https:\/\/edulica.edu.pl\/wp-content\/uploads\/cache\/2021\/07\/PANA3635\/3230494220.jpg\" src=\"data:image\/svg+xml,%3Csvg%20xmlns%3D%22http%3A%2F%2Fwww.w3.org%2F2000%2Fsvg%22%20width%3D%22200%22%20height%3D%22150%22%20viewBox%3D%220%200%20200%20150%22%3E%3C%2Fsvg%3E\" loading=\"eager\"><\/span><span class=\"fg-image-overlay\"><\/span><\/a><figcaption class=\"fg-caption\"><div class=\"fg-caption-inner\"><\/div><\/figcaption><\/figure><div class=\"fg-loader\"><\/div><\/div><div class=\"fg-item fg-type-image fg-idle\"><figure class=\"fg-item-inner\"><a href=\"https:\/\/edulica.edu.pl\/wp-content\/uploads\/2021\/07\/PANA3645.jpg\" data-attachment-id=\"639\" data-type=\"image\" class=\"fg-thumb\"><span class=\"fg-image-wrap\"><img decoding=\"async\" width=\"200\" height=\"150\" class=\"skip-lazy fg-image\" data-src-fg=\"https:\/\/edulica.edu.pl\/wp-content\/uploads\/cache\/2021\/07\/PANA3645\/841182229.jpg\" src=\"data:image\/svg+xml,%3Csvg%20xmlns%3D%22http%3A%2F%2Fwww.w3.org%2F2000%2Fsvg%22%20width%3D%22200%22%20height%3D%22150%22%20viewBox%3D%220%200%20200%20150%22%3E%3C%2Fsvg%3E\" loading=\"eager\"><\/span><span class=\"fg-image-overlay\"><\/span><\/a><figcaption class=\"fg-caption\"><div class=\"fg-caption-inner\"><\/div><\/figcaption><\/figure><div class=\"fg-loader\"><\/div><\/div><div class=\"fg-item fg-type-image fg-idle\"><figure class=\"fg-item-inner\"><a href=\"https:\/\/edulica.edu.pl\/wp-content\/uploads\/2021\/07\/szeligowska-1.jpg\" data-attachment-id=\"420\" data-type=\"image\" class=\"fg-thumb\"><span class=\"fg-image-wrap\"><img decoding=\"async\" width=\"200\" height=\"150\" class=\"skip-lazy fg-image\" data-src-fg=\"https:\/\/edulica.edu.pl\/wp-content\/uploads\/cache\/2021\/07\/szeligowska-1\/2014888108.jpg\" src=\"data:image\/svg+xml,%3Csvg%20xmlns%3D%22http%3A%2F%2Fwww.w3.org%2F2000%2Fsvg%22%20width%3D%22200%22%20height%3D%22150%22%20viewBox%3D%220%200%20200%20150%22%3E%3C%2Fsvg%3E\" loading=\"eager\"><\/span><span class=\"fg-image-overlay\"><\/span><\/a><figcaption class=\"fg-caption\"><div class=\"fg-caption-inner\"><\/div><\/figcaption><\/figure><div class=\"fg-loader\"><\/div><\/div><div class=\"fg-item fg-type-image fg-idle\"><figure class=\"fg-item-inner\"><a href=\"https:\/\/edulica.edu.pl\/wp-content\/uploads\/2021\/07\/szeligowska-2.jpg\" data-attachment-id=\"421\" data-type=\"image\" class=\"fg-thumb\"><span class=\"fg-image-wrap\"><img decoding=\"async\" width=\"200\" height=\"150\" class=\"skip-lazy fg-image\" data-src-fg=\"https:\/\/edulica.edu.pl\/wp-content\/uploads\/cache\/2021\/07\/szeligowska-2\/360402888.jpg\" src=\"data:image\/svg+xml,%3Csvg%20xmlns%3D%22http%3A%2F%2Fwww.w3.org%2F2000%2Fsvg%22%20width%3D%22200%22%20height%3D%22150%22%20viewBox%3D%220%200%20200%20150%22%3E%3C%2Fsvg%3E\" loading=\"eager\"><\/span><span class=\"fg-image-overlay\"><\/span><\/a><figcaption class=\"fg-caption\"><div class=\"fg-caption-inner\"><\/div><\/figcaption><\/figure><div class=\"fg-loader\"><\/div><\/div><div class=\"fg-item fg-type-image fg-idle\"><figure class=\"fg-item-inner\"><a href=\"https:\/\/edulica.edu.pl\/wp-content\/uploads\/2021\/07\/szeligowska-3.jpg\" data-attachment-id=\"422\" data-type=\"image\" class=\"fg-thumb\"><span class=\"fg-image-wrap\"><img decoding=\"async\" width=\"200\" height=\"150\" class=\"skip-lazy fg-image\" data-src-fg=\"https:\/\/edulica.edu.pl\/wp-content\/uploads\/cache\/2021\/07\/szeligowska-3\/647352478.jpg\" src=\"data:image\/svg+xml,%3Csvg%20xmlns%3D%22http%3A%2F%2Fwww.w3.org%2F2000%2Fsvg%22%20width%3D%22200%22%20height%3D%22150%22%20viewBox%3D%220%200%20200%20150%22%3E%3C%2Fsvg%3E\" loading=\"eager\"><\/span><span class=\"fg-image-overlay\"><\/span><\/a><figcaption class=\"fg-caption\"><div class=\"fg-caption-inner\"><\/div><\/figcaption><\/figure><div class=\"fg-loader\"><\/div><\/div><div class=\"fg-item fg-type-image fg-idle\"><figure class=\"fg-item-inner\"><a href=\"https:\/\/edulica.edu.pl\/wp-content\/uploads\/2021\/07\/szeligowska-4.jpg\" data-attachment-id=\"423\" data-type=\"image\" class=\"fg-thumb\"><span class=\"fg-image-wrap\"><img decoding=\"async\" width=\"200\" height=\"150\" class=\"skip-lazy fg-image\" data-src-fg=\"https:\/\/edulica.edu.pl\/wp-content\/uploads\/cache\/2021\/07\/szeligowska-4\/3485225216.jpg\" src=\"data:image\/svg+xml,%3Csvg%20xmlns%3D%22http%3A%2F%2Fwww.w3.org%2F2000%2Fsvg%22%20width%3D%22200%22%20height%3D%22150%22%20viewBox%3D%220%200%20200%20150%22%3E%3C%2Fsvg%3E\" loading=\"eager\"><\/span><span class=\"fg-image-overlay\"><\/span><\/a><figcaption class=\"fg-caption\"><div class=\"fg-caption-inner\"><\/div><\/figcaption><\/figure><div class=\"fg-loader\"><\/div><\/div><div class=\"fg-item fg-type-image fg-idle\"><figure class=\"fg-item-inner\"><a href=\"https:\/\/edulica.edu.pl\/wp-content\/uploads\/2021\/07\/szeligowska-5.jpg\" data-attachment-id=\"424\" data-type=\"image\" class=\"fg-thumb\"><span class=\"fg-image-wrap\"><img decoding=\"async\" width=\"200\" height=\"150\" class=\"skip-lazy fg-image\" data-src-fg=\"https:\/\/edulica.edu.pl\/wp-content\/uploads\/cache\/2021\/07\/szeligowska-5\/3305300168.jpg\" src=\"data:image\/svg+xml,%3Csvg%20xmlns%3D%22http%3A%2F%2Fwww.w3.org%2F2000%2Fsvg%22%20width%3D%22200%22%20height%3D%22150%22%20viewBox%3D%220%200%20200%20150%22%3E%3C%2Fsvg%3E\" loading=\"eager\"><\/span><span class=\"fg-image-overlay\"><\/span><\/a><figcaption class=\"fg-caption\"><div class=\"fg-caption-inner\"><\/div><\/figcaption><\/figure><div class=\"fg-loader\"><\/div><\/div><div class=\"fg-item fg-type-image fg-idle\"><figure class=\"fg-item-inner\"><a href=\"https:\/\/edulica.edu.pl\/wp-content\/uploads\/2021\/07\/szeligowska-6.jpg\" data-attachment-id=\"425\" data-type=\"image\" class=\"fg-thumb\"><span class=\"fg-image-wrap\"><img decoding=\"async\" width=\"200\" height=\"150\" class=\"skip-lazy fg-image\" data-src-fg=\"https:\/\/edulica.edu.pl\/wp-content\/uploads\/cache\/2021\/07\/szeligowska-6\/2824957868.jpg\" src=\"data:image\/svg+xml,%3Csvg%20xmlns%3D%22http%3A%2F%2Fwww.w3.org%2F2000%2Fsvg%22%20width%3D%22200%22%20height%3D%22150%22%20viewBox%3D%220%200%20200%20150%22%3E%3C%2Fsvg%3E\" loading=\"eager\"><\/span><span class=\"fg-image-overlay\"><\/span><\/a><figcaption class=\"fg-caption\"><div class=\"fg-caption-inner\"><\/div><\/figcaption><\/figure><div class=\"fg-loader\"><\/div><\/div><div class=\"fg-item fg-type-image fg-idle\"><figure class=\"fg-item-inner\"><a href=\"https:\/\/edulica.edu.pl\/wp-content\/uploads\/2021\/07\/szeligowska-7.jpg\" data-attachment-id=\"426\" data-type=\"image\" class=\"fg-thumb\"><span class=\"fg-image-wrap\"><img decoding=\"async\" width=\"200\" height=\"150\" class=\"skip-lazy fg-image\" data-src-fg=\"https:\/\/edulica.edu.pl\/wp-content\/uploads\/cache\/2021\/07\/szeligowska-7\/2609901818.jpg\" src=\"data:image\/svg+xml,%3Csvg%20xmlns%3D%22http%3A%2F%2Fwww.w3.org%2F2000%2Fsvg%22%20width%3D%22200%22%20height%3D%22150%22%20viewBox%3D%220%200%20200%20150%22%3E%3C%2Fsvg%3E\" loading=\"eager\"><\/span><span class=\"fg-image-overlay\"><\/span><\/a><figcaption class=\"fg-caption\"><div class=\"fg-caption-inner\"><\/div><\/figcaption><\/figure><div class=\"fg-loader\"><\/div><\/div><div class=\"fg-item fg-type-image fg-idle\"><figure class=\"fg-item-inner\"><a href=\"https:\/\/edulica.edu.pl\/wp-content\/uploads\/2021\/07\/szeligowska-8.jpg\" data-attachment-id=\"427\" data-type=\"image\" class=\"fg-thumb\"><span class=\"fg-image-wrap\"><img decoding=\"async\" width=\"200\" height=\"150\" class=\"skip-lazy fg-image\" data-src-fg=\"https:\/\/edulica.edu.pl\/wp-content\/uploads\/cache\/2021\/07\/szeligowska-8\/2705550033.jpg\" src=\"data:image\/svg+xml,%3Csvg%20xmlns%3D%22http%3A%2F%2Fwww.w3.org%2F2000%2Fsvg%22%20width%3D%22200%22%20height%3D%22150%22%20viewBox%3D%220%200%20200%20150%22%3E%3C%2Fsvg%3E\" loading=\"eager\"><\/span><span class=\"fg-image-overlay\"><\/span><\/a><figcaption class=\"fg-caption\"><div class=\"fg-caption-inner\"><\/div><\/figcaption><\/figure><div class=\"fg-loader\"><\/div><\/div><div class=\"fg-item fg-type-image fg-idle\"><figure class=\"fg-item-inner\"><a href=\"https:\/\/edulica.edu.pl\/wp-content\/uploads\/2021\/07\/szeligowska-9.jpg\" data-attachment-id=\"428\" data-type=\"image\" class=\"fg-thumb\"><span class=\"fg-image-wrap\"><img decoding=\"async\" width=\"200\" height=\"150\" class=\"skip-lazy fg-image\" data-src-fg=\"https:\/\/edulica.edu.pl\/wp-content\/uploads\/cache\/2021\/07\/szeligowska-9\/3646785061.jpg\" src=\"data:image\/svg+xml,%3Csvg%20xmlns%3D%22http%3A%2F%2Fwww.w3.org%2F2000%2Fsvg%22%20width%3D%22200%22%20height%3D%22150%22%20viewBox%3D%220%200%20200%20150%22%3E%3C%2Fsvg%3E\" loading=\"eager\"><\/span><span class=\"fg-image-overlay\"><\/span><\/a><figcaption class=\"fg-caption\"><div class=\"fg-caption-inner\"><\/div><\/figcaption><\/figure><div class=\"fg-loader\"><\/div><\/div><\/div>\r\n<\/div>\r\n","protected":false},"excerpt":{"rendered":"<p>Bemowo &#8211; ul.\u00a0Szeligowska Atuty plac\u00f3wki<\/p>\n","protected":false},"author":1,"featured_media":0,"parent":0,"menu_order":0,"comment_status":"closed","ping_status":"closed","template":"","meta":{"inline_featured_image":false,"footnotes":""},"class_list":["post-26","page","type-page","status-publish","hentry"],"_links":{"self":[{"href":"https:\/\/edulica.edu.pl\/index.php\/wp-json\/wp\/v2\/pages\/26","targetHints":{"allow":["GET"]}}],"collection":[{"href":"https:\/\/edulica.edu.pl\/index.php\/wp-json\/wp\/v2\/pages"}],"about":[{"href":"https:\/\/edulica.edu.pl\/index.php\/wp-json\/wp\/v2\/types\/page"}],"author":[{"embeddable":true,"href":"https:\/\/edulica.edu.pl\/index.php\/wp-json\/wp\/v2\/users\/1"}],"replies":[{"embeddable":true,"href":"https:\/\/edulica.edu.pl\/index.php\/wp-json\/wp\/v2\/comments?post=26"}],"version-history":[{"count":57,"href":"https:\/\/edulica.edu.pl\/index.php\/wp-json\/wp\/v2\/pages\/26\/revisions"}],"predecessor-version":[{"id":1709,"href":"https:\/\/edulica.edu.pl\/index.php\/wp-json\/wp\/v2\/pages\/26\/revisions\/1709"}],"wp:attachment":[{"href":"https:\/\/edulica.edu.pl\/index.php\/wp-json\/wp\/v2\/media?parent=26"}],"curies":[{"name":"wp","href":"https:\/\/api.w.org\/{rel}","templated":true}]}}