{"id":34,"date":"2021-07-17T12:57:53","date_gmt":"2021-07-17T10:57:53","guid":{"rendered":"http:\/\/test.edulica.pl\/?page_id=34"},"modified":"2026-02-04T17:56:23","modified_gmt":"2026-02-04T16:56:23","slug":"przedszkole","status":"publish","type":"page","link":"https:\/\/edulica.edu.pl\/index.php\/przedszkole\/","title":{"rendered":"O przedszkolu"},"content":{"rendered":"<style type=\"text\/css\"><\/style>\n<div class=\"h-divider\">\n  <div class=\"shadow\"><\/div>\n<\/div>\n\n\n\n<h1 class=\"wp-block-heading has-text-align-center has-text-color\"><span style=\"background-color:rgba(0, 0, 0, 0);color:#129990\" class=\"has-inline-color\">Przedszkole Publiczne Edulica<\/span><\/h1>\n\n\n<p class=\"has-text-align-center has-text-color has-link-color\" style=\"color: #fb6b47;\"><em><strong>to wi\u0119cej ni\u017c tylko przedszkole. To po\u0142\u0105czenie zaanga\u017cowanych i\u00a0oddanych dzieciom ludzi z\u00a0pasj\u0105,<br \/>w\u00a0plac\u00f3wkach wyko\u0144czonych w\u00a0najwy\u017cszym standardzie i\u00a0z\u00a0nowoczesnym wyposa\u017ceniem.<\/strong><\/em><\/p>\n\n\n<div class=\"h-divider\">\n  <div class=\"shadow\"><\/div>\n<\/div>\n\n\n\n<h2 class=\"wp-block-heading has-text-align-center has-text-color\"><span style=\"background-color:rgba(0, 0, 0, 0);color:#129990\" class=\"has-inline-color\">Kadra<\/span><\/h2>\n\n\n\n<p class=\"p_justify\">Nasz\u0105 kadr\u0119 tworzy zesp\u00f3\u0142 do\u015bwiadczonych i wykwalifikowanych nauczycieli wychowania przedszkolnego oraz specjalist\u00f3w: logoped\u00f3w, psycholog\u00f3w, terapeut\u00f3w integracji sensorycznej, nauczycieli j\u0119zyka angielskiego. Wszystkie ciocie i&nbsp;wujkowie tworz\u0105 ciep\u0142\u0105 i&nbsp;przyjazn\u0105 atmosfer\u0119, tak aby ka\u017cdy maluszek czu\u0142 si\u0119 u&nbsp;nas jak w&nbsp;domu. Prowadzimy zaj\u0119cia z entuzjazmem wdra\u017caj\u0105c nowatorskie metody pracy daj\u0105c rado\u015b\u0107 dzieciom. Wyr\u00f3\u017cnia nas umiej\u0119tno\u015b\u0107 indywidualnego podej\u015bcia do ka\u017cdego dziecka, prowadzenie zaj\u0119\u0107 zar\u00f3wno wychowawczych jak i&nbsp;edukacyjnych zgodnych z zainteresowaniami i&nbsp;umiej\u0119tno\u015bciami naszych wychowank\u00f3w.<\/p>\n\n\n\n<p class=\"p_justify\">Wszyscy nasi nauczyciele posiadaj\u0105 pe\u0142ne kwalifikacje do pracy w przedszkolu wymagane przez MEN. Systematycznie podnosimy swoje kwalifikacje zawodowe poprzez udzia\u0142 w dodatkowych formach doskonalenia, kursach, warsztatach, studiach podyplomowych i&nbsp;osi\u0105ganiu kolejnych stopni awansu zawodowego. Doskonalenie pracy zespo\u0142u odbywa si\u0119 r\u00f3wnie\u017c podczas realizowanej co roku ewaluacji.<\/p>\n\n\n\n<div class=\"h-divider\">\n  <div class=\"shadow\"><\/div>\n<\/div>\n\n\n\n<h2 class=\"wp-block-heading has-text-align-center has-text-color\"><span style=\"background-color:rgba(0, 0, 0, 0);color:#129990\" class=\"has-inline-color\">Za\u0142o\u017cenia programowe<\/span><\/h2>\n\n\n\n<p class=\"p_justify\">W przedszkolach Edulica realizujemy programy wychowawczo-dydaktyczne zgodnie z&nbsp;obowi\u0105zuj\u0105c\u0105 podstaw\u0105 programow\u0105 wychowania przedszkolnego MEN oraz swoje autorskie programy wzbogacone nowatorskimi metodami pracy z&nbsp;dzie\u0107mi.<\/p>\n\n\n\n<p>W naszych przedszkolach nauczyciele wykorzystuj\u0105 elementy metod, takich jak:<\/p>\n\n\n\n<ul class=\"wp-block-list\">\n<li>Metoda Dobrego Startu Marty Bogdanowicz (MDS)<\/li>\n\n\n\n<li>Pedagogika zabawy w edukacji przedszkolnej<\/li>\n\n\n\n<li>Edukacja matematyczna wed\u0142ug Edyty Gruszczyk\u2013Kolczy\u0144skiej i&nbsp;Ewy Zieli\u0144skiej<\/li>\n\n\n\n<li>Metoda tw\u00f3rczego my\u015blenia J. Osborne \u2013 \u201eBurza m\u00f3zg\u00f3w\u201d<\/li>\n\n\n\n<li>Drama<\/li>\n\n\n\n<li>\u0106wiczenia rytmiczne<\/li>\n\n\n\n<li>Metoda Ruchu Rozwijaj\u0105cego Weroniki Sherborne<\/li>\n\n\n\n<li>Metoda Batti Strauss (aktywne s\u0142uchanie muzyki)<\/li>\n\n\n\n<li>Edukacja motoryczno-zdrowotna<\/li>\n\n\n\n<li>Edukacja j\u0119zykowa (j\u0119zyk angielski)<\/li>\n\n\n\n<li>Edukacja przyrodnicza<\/li>\n<\/ul>\n\n\n\n<p class=\"p_justify\">Programy przeznaczone s\u0105 do pracy z&nbsp;dzie\u0107mi b\u0119d\u0105cymi na r\u00f3\u017cnych \u015bcie\u017ckach rozwoju, dzie\u0107mi o&nbsp;specjalnych potrzebach edukacyjnych, dzie\u0107mi rozwijaj\u0105cymi si\u0119 prawid\u0142owo i&nbsp;harmonijnie oraz dzie\u0107mi o&nbsp;szczeg\u00f3lnych lub ponadprzeci\u0119tnych wymaganiach edukacyjnych i&nbsp;wychowawczych. Nauczyciele wykorzystuj\u0105cy programy wychowawczo\u2013dydaktyczne patrz\u0105 na swoich podopiecznych zawsze pozytywnie, przez pryzmat ich zdolno\u015bci.<\/p>\n\n\n\n<p class=\"p_justify\">W\u00a0pracy dydaktyczno-wychowawczej du\u017cy nacisk k\u0142adziony jest na indywidualny rozw\u00f3j dziecka \u2013 wspieranie Jego potencja\u0142u i\u00a0rozwijanie Jego szczeg\u00f3lnych talent\u00f3w bazuj\u0105c na osi\u0105gni\u0119ciach nowoczesnych metod nauczania. Poznawanie \u015bwiata i\u00a0otaczaj\u0105cej rzeczywisto\u015bci odbywa si\u0119 poprzez uczestnictwo mi\u0119dzy innymi w\u00a0spektaklach teatralnych, spotkaniach z\u00a0muzyk\u0105, wycieczkach, spotkaniach z\u00a0nauk\u0105. Wsp\u00f3\u0142czesny \u015bwiat to zderzenie r\u00f3\u017cnorodnych kultur, narodowo\u015bci. W naszym programie nie mo\u017ce zabrakn\u0105\u0107 edukacji mi\u0119dzykulturowej, otwarto\u015bci na \u201einno\u015b\u0107\u201d, a\u00a0wi\u0119c wprowadzanie w\u00a0\u015bwiat tolerancji i\u00a0szacunku do drugiego cz\u0142owieka. Wsp\u00f3\u0142praca z\u00a0Rodzicami to istotny element pracy naszych plac\u00f3wek. W\u00a0realizacji naszych zada\u0144 liczymy na pomoc i\u00a0wsparcie ze strony Rodzic\u00f3w poprzez udzia\u0142 w\u00a0spotkaniach organizowanych dla Rodzic\u00f3w, ale i\u00a0w\u00a0r\u00f3\u017cnorodnych akcjach, uroczysto\u015bciach na terenie przedszkoli oraz w\u00a0prowadzeniu specjalnych zaj\u0119\u0107 dla naszych dzieci.<\/p>\n\n\n\n<div class=\"h-divider\">\n  <div class=\"shadow\"><\/div>\n<\/div>\n\n\n\n<h2 class=\"wp-block-heading has-text-align-center has-text-color\"><span style=\"background-color:rgba(0, 0, 0, 0);color:#129990\" class=\"has-inline-color\">Zer\u00f3wka<\/span><\/h2>\n\n\n\n<p class=\"p_justify\">W naszych przedszkolach funkcjonuje oddzia\u0142 \u201e0\u201d przygotowuj\u0105cy do osi\u0105gni\u0119cia dojrza\u0142o\u015bci szkolnej.<\/p>\n\n\n\n<p class=\"p_justify\">Zgodnie z rozporz\u0105dzeniem Ministra Edukacji Narodowej w sprawie Podstawy Programowej Wychowania Przedszkolnego oraz kszta\u0142cenia og\u00f3lnego w poszczeg\u00f3lnych typach szk\u00f3\u0142, nauczyciele prowadz\u0105 obserwacj\u0119 pedagogiczn\u0105 maj\u0105c\u0105 na celu poznanie mo\u017cliwo\u015bci i potrzeb rozwojowych dzieci oraz dokumentowanie tych obserwacji.<\/p>\n\n\n\n<p class=\"p_justify\">Z pocz\u0105tkiem roku szkolnego poprzedzaj\u0105cego mo\u017cliwe rozpocz\u0119cie przez dziecko nauki w klasie 1. szko\u0142y podstawowej przeprowadzamy analiz\u0119 gotowo\u015bci dziecka do podj\u0119cia nauki w szkole (diagnoza przedszkolna).<\/p>\n\n\n\n<p class=\"p_justify\">W oparciu o zgromadzone wyniki diagnozy przedszkolnej nauczyciel ma opracowa\u0107 i zrealizowa\u0107 indywidualny program wspomagania i korygowania rozwoju dziecka. Celem takiej analizy jest tak\u017ce zgromadzenie informacji, kt\u00f3re po przekazaniu Rodzicom maj\u0105 im pom\u00f3c w poznaniu stanu gotowo\u015bci swojego dziecka do podj\u0119cia nauki w szkole podstawowej.<\/p>\n","protected":false},"excerpt":{"rendered":"<p>Przedszkole Publiczne Edulica to wi\u0119cej ni\u017c tylko przedszkole. To po\u0142\u0105czenie zaanga\u017cowanych i\u00a0oddanych dzieciom ludzi z\u00a0pasj\u0105,w\u00a0plac\u00f3wkach wyko\u0144czonych w\u00a0najwy\u017cszym standardzie i\u00a0z\u00a0nowoczesnym wyposa\u017ceniem. Kadra Nasz\u0105 kadr\u0119 tworzy zesp\u00f3\u0142 do\u015bwiadczonych i wykwalifikowanych nauczycieli wychowania przedszkolnego oraz specjalist\u00f3w: logoped\u00f3w, psycholog\u00f3w, terapeut\u00f3w integracji sensorycznej, nauczycieli j\u0119zyka angielskiego. Wszystkie ciocie i&nbsp;wujkowie tworz\u0105 ciep\u0142\u0105 i&nbsp;przyjazn\u0105 atmosfer\u0119, tak aby ka\u017cdy maluszek czu\u0142 si\u0119 u&nbsp;nas&#8230;<\/p>\n","protected":false},"author":1,"featured_media":0,"parent":0,"menu_order":0,"comment_status":"closed","ping_status":"closed","template":"","meta":{"inline_featured_image":false,"footnotes":""},"class_list":["post-34","page","type-page","status-publish","hentry"],"_links":{"self":[{"href":"https:\/\/edulica.edu.pl\/index.php\/wp-json\/wp\/v2\/pages\/34","targetHints":{"allow":["GET"]}}],"collection":[{"href":"https:\/\/edulica.edu.pl\/index.php\/wp-json\/wp\/v2\/pages"}],"about":[{"href":"https:\/\/edulica.edu.pl\/index.php\/wp-json\/wp\/v2\/types\/page"}],"author":[{"embeddable":true,"href":"https:\/\/edulica.edu.pl\/index.php\/wp-json\/wp\/v2\/users\/1"}],"replies":[{"embeddable":true,"href":"https:\/\/edulica.edu.pl\/index.php\/wp-json\/wp\/v2\/comments?post=34"}],"version-history":[{"count":71,"href":"https:\/\/edulica.edu.pl\/index.php\/wp-json\/wp\/v2\/pages\/34\/revisions"}],"predecessor-version":[{"id":1705,"href":"https:\/\/edulica.edu.pl\/index.php\/wp-json\/wp\/v2\/pages\/34\/revisions\/1705"}],"wp:attachment":[{"href":"https:\/\/edulica.edu.pl\/index.php\/wp-json\/wp\/v2\/media?parent=34"}],"curies":[{"name":"wp","href":"https:\/\/api.w.org\/{rel}","templated":true}]}}