{"id":601,"date":"2022-05-24T12:31:46","date_gmt":"2022-05-24T10:31:46","guid":{"rendered":"https:\/\/edulica.edu.pl\/?page_id=601"},"modified":"2025-09-04T16:46:27","modified_gmt":"2025-09-04T14:46:27","slug":"klauzula-informacyjna-edulica-ul-pileckiego-67","status":"publish","type":"page","link":"https:\/\/edulica.edu.pl\/index.php\/klauzula-informacyjna-edulica-ul-pileckiego-67\/","title":{"rendered":"Klauzula informacyjna &#8211; Edulica 1"},"content":{"rendered":"<style type=\"text\/css\"><\/style>\n<h1 class=\"wp-block-heading has-text-align-center\">Przedszkole Publiczne Edulica 1<\/h1>\n\n\n\n<h2 class=\"wp-block-heading has-text-align-center\"><strong>KLAUZULA INFORMACYJNA<\/strong><\/h2>\n\n\n\n<p class=\"has-text-align-center\"><strong>dotycz\u0105ca przetwarzania danych osobowych przekazanych w&nbsp;ramach internetowego formularza kontaktowego oraz rekrutacyjnego<\/strong><\/p>\n\n\n\n<h3 class=\"wp-block-heading\"><strong>Administrator danych osobowych<\/strong><\/h3>\n\n\n\n<p class=\"p_justify\">Administratorem danych osobowych Rodzic\u00f3w (Opiekun\u00f3w prawnych) oraz Dzieci jest Przedszkole Publiczne Edulica 1, adres: ul. rtm. Witolda Pileckiego 67\/1, 02-781 Warszawa (\u201eAdministrator\u201d). Administrator to podmiot, kt\u00f3ry decyduje o&nbsp;celach i&nbsp;sposobach przetwarzania danych.<\/p>\n\n\n\n<p class=\"p_justify\">Dane kontaktowe Administratora:  <a href=\"mailto:pileckiego@edulica.pl\" data-type=\"mailto\" data-id=\"mailto:pileckiego@edulica.pl\">pileckiego@edulica.pl<\/a>, oraz telefonicznie: <a href=\"tel:+48795077011\" data-type=\"tel\" data-id=\"tel:795077011\">795&nbsp;077&nbsp;011<\/a>.<\/p>\n\n\n\n<p class=\"p_justify\">Ilekro\u0107 w niniejszej Informacji wyst\u0119puje skr\u00f3t: <em>\u201eRODO\u201d <\/em>nale\u017cy przez to rozumie\u0107: <em>Rozporz\u0105dzenie Parlamentu Europejskiego i&nbsp;Rady (UE) 2016\/679 z&nbsp;dnia 27 kwietnia 2016&nbsp;r. w&nbsp;sprawie ochrony os\u00f3b fizycznych w zwi\u0105zku z przetwarzaniem danych osobowych i&nbsp;w&nbsp;sprawie swobodnego przep\u0142ywu takich danych oraz uchylenia dyrektywy 95\/46\/WE.<\/em><\/p>\n\n\n\n<h3 class=\"wp-block-heading\"><strong>Cel i&nbsp;podstawa prawna przetwarzania danych<\/strong><\/h3>\n\n\n\n<p class=\"p_justify\">Dane osobowe Rodzic\u00f3w (Opiekun\u00f3w Prawnych) oraz Dzieci przekazane za po\u015brednictwem internetowego formularza kontaktowego dost\u0119pnego pod adresem <a href=\"https:\/\/edulica.edu.pl\/index.php\/kontakt\/\">https:\/\/edulica.edu.pl\/index.php\/kontakt\/<\/a> (zak\u0142adka: <strong>Kontakt<\/strong>) przetwarzane s\u0105 przez Administratora w&nbsp;nast\u0119puj\u0105cych celach oraz w oparciu o nast\u0119puj\u0105ce podstawy prawne:<\/p>\n\n\n\n<figure class=\"wp-block-table\"><table><tbody><tr><td><strong>Cel przetwarzania danych<\/strong><\/td><td><strong>Podstawa prawna<\/strong><\/td><\/tr><tr><td>Komunikacja z osobami kontaktuj\u0105cymi si\u0119 za po\u015brednictwem formularza internetowego<\/td><td>Art. 6 ust. 1 lit. a RODO &#8211; zgoda<\/td><\/tr><\/tbody><\/table><\/figure>\n\n\n\n<p class=\"p_justify\">Dane osobowe Rodzic\u00f3w (Opiekun\u00f3w Prawnych) oraz Dzieci przekazane za po\u015brednictwem internetowego formularza rekrutacyjnego dost\u0119pnego pod adresem <a href=\"https:\/\/edulica.edu.pl\/index.php\/rekrutacja\/\">https:\/\/edulica.edu.pl\/index.php\/rekrutacja\/<\/a> &nbsp;(zak\u0142adka: <strong>Rekrutacja<\/strong>) przetwarzane s\u0105 przez Administratora w&nbsp;nast\u0119puj\u0105cych celach oraz w&nbsp;oparciu o&nbsp;nast\u0119puj\u0105ce podstawy prawne:<\/p>\n\n\n\n<figure class=\"wp-block-table\"><table><tbody><tr><td class=\"has-text-align-center\" data-align=\"center\"><strong>Cel przetwarzania danych<\/strong><\/td><td class=\"has-text-align-center\" data-align=\"center\"><strong>Podstawa prawna<\/strong><\/td><\/tr><tr><td class=\"has-text-align-center\" data-align=\"center\">Przeprowadzenie rekrutacji dzieci do przedszkola<\/td><td class=\"has-text-align-center\" data-align=\"center\">Art. 6 ust. 1 lit. b RODO \u2013 czynno\u015bci zmierzaj\u0105ce do zawarcia umowy<br><br>Art. 6 ust. 1 lit. c RODO w&nbsp;zw. z przepisami ustawy z&nbsp;dnia 14 grudnia 2016&nbsp;r. Prawo o\u015bwiatowe (tekst jednolity: Dz.U. 2021 poz. 1082 z&nbsp;p\u00f3\u017an. zm.) &#8211; w&nbsp;szczeg\u00f3lno\u015bci art. 130, art. 149, art. 150, art. 157 ust. 1 oraz \u00a7 2 pkt 3 w zw. z \u00a7 9. 1 Rozporz\u0105dzenia Ministra Edukacji Narodowej z&nbsp;dnia 21 sierpnia 2019&nbsp;r. w&nbsp;sprawie przeprowadzania post\u0119powania rekrutacyjnego oraz post\u0119powania uzupe\u0142niaj\u0105cego do publicznych przedszkoli, szk\u00f3\u0142, plac\u00f3wek i&nbsp;centr\u00f3w (Dz. U. poz. 1737)<\/td><\/tr><\/tbody><\/table><\/figure>\n\n\n\n<h3 class=\"wp-block-heading\"><strong>Odbiorcy danych<\/strong><\/h3>\n\n\n\n<p class=\"p_justify\">Dane osobowe Rodzic\u00f3w (Opiekun\u00f3w Prawnych) oraz Dzieci przekazana w ramach formularza elektronicznego na stronie internetowej przedszkola nie b\u0119d\u0105 przekazywane innym podmiotom.<\/p>\n\n\n\n<h3 class=\"wp-block-heading\"><strong>Okresy przechowywania danych osobowych<\/strong><\/h3>\n\n\n\n<p class=\"p_justify\">Dane osobowe kandydat\u00f3w zgromadzone w celach post\u0119powania rekrutacyjnego oraz dokumentacja post\u0119powania rekrutacyjnego b\u0119d\u0105 przechowywane nie d\u0142u\u017cej ni\u017c do ko\u0144ca okresu, w&nbsp;kt\u00f3rym ucze\u0144 korzysta z&nbsp;wychowania przedszkolnego w&nbsp;przedszkolu.<\/p>\n\n\n\n<p class=\"p_justify\">Dane osobowe kandydat\u00f3w nieprzyj\u0119tych, zgromadzone w&nbsp;celach post\u0119powania rekrutacyjnego b\u0119d\u0105 przechowywane przez administratora przez okres roku od momentu ich przekazania, chyba \u017ce na rozstrzygni\u0119cie dyrektora przedszkola, zosta\u0142a wniesiona skarga do s\u0105du administracyjnego i&nbsp;post\u0119powanie nie zosta\u0142o zako\u0144czone prawomocnym wyrokiem.<\/p>\n\n\n\n<p class=\"p_justify\">Dane osobowe przekazane w&nbsp;ramach formularza kontaktowego w&nbsp;zak\u0142adce kontakt, b\u0119d\u0105 usuwane po up\u0142ywie 5 lat od ko\u0144ca roku, w&nbsp;kt\u00f3rym nawi\u0105zano kontakt za po\u015brednictwem tego formularza.<\/p>\n\n\n\n<h3 class=\"wp-block-heading\"><strong>Prawa przys\u0142uguj\u0105ce w&nbsp;odniesieniu do przetwarzania danych osobowych<\/strong><\/h3>\n\n\n\n<p class=\"p_justify\">Na zasadach okre\u015blonych w RODO, Rodzicom (Opiekunom prawnym) oraz Dzieciom przys\u0142uguje prawo do \u017c\u0105dania od Administratora: <strong>(i)<\/strong>&nbsp;dost\u0119pu do danych osobowych, <strong>(ii)<\/strong>&nbsp;ich sprostowania, <strong>(iii)<\/strong>&nbsp;usuni\u0119cia lub ograniczenia przetwarzania, <strong>(iv)<\/strong>&nbsp;wniesienia sprzeciwu wobec przetwarzania, a tak\u017ce <strong>(v)<\/strong>&nbsp;przenoszenia danych.<\/p>\n\n\n\n<h3 class=\"wp-block-heading\"><strong>Prawo sprzeciwu<\/strong><\/h3>\n\n\n\n<p class=\"p_justify\">Prawo sprzeciwu wobec przetwarzania danych osobowych przys\u0142uguje w przypadku, gdy Administrator opiera przetwarzanie danych osobowych Rodzic\u00f3w\/ Dzieci na przepisie art. 6 ust. 1 lit. e i\/lub f RODO. W takim przypadku Rodzicom oraz Dzieciom przys\u0142uguje prawo wniesienia sprzeciwu co do przetwarzania danych osobowych opartego na tej podstawie. Sprzeciw mo\u017ce zosta\u0107 wniesiony w dowolnym momencie, z przyczyn zwi\u0105zanych ze szczeg\u00f3ln\u0105 sytuacj\u0105 Rodzica\/Dziecka.<\/p>\n\n\n\n<p class=\"p_justify\">W przypadku wniesienia sprzeciwu Administratorowi nie b\u0119dzie wolno ju\u017c przetwarza\u0107 danych osobowych Rodzica\/Dziecka, chyba \u017ce Administrator wyka\u017ce istnienie wa\u017cnych, prawnie uzasadnionych podstaw do przetwarzania, nadrz\u0119dnych wobec interes\u00f3w, praw i&nbsp;wolno\u015bci Rodzica\/Dziecka, lub podstaw do ustalenia, dochodzenia lub obrony roszcze\u0144.<\/p>\n\n\n\n<p class=\"p_justify\">Sprzeciw mo\u017ce zosta\u0107 wniesiony poprzez kontakt pod adresem: <a href=\"mailto:pileckiego@edulica.pl\" data-type=\"mailto\" data-id=\"mailto:pileckiego@edulica.pl\">pileckiego@edulica.pl<\/a>.<\/p>\n\n\n\n<p class=\"p_justify\">Administrator informuje, \u017ce nie przetwarza danych przekazanych za po\u015brednictwem formularza internetowego na podstawie art. 6 ust. 1 lit. e i\/lub f RODO.<\/p>\n\n\n\n<h3 class=\"wp-block-heading\"><strong><strong>Wymagalno\u015b\u0107 podania danych<\/strong><\/strong><\/h3>\n\n\n\n<p class=\"p_justify\">Podanie danych osobowych w&nbsp;ramach formularza wniosku dost\u0119pnego na stronie internetowej administratora jest warunkiem zawarcia umowy. Nie ma Pan\/Pani obowi\u0105zku podawania tych danych, natomiast niepodanie ich uniemo\u017cliwia zawarcie umowy.<\/p>\n\n\n\n<h3 class=\"wp-block-heading\"><strong>Skarga do organu nadzorczego<\/strong><\/h3>\n\n\n\n<p class=\"p_justify\">Przys\u0142uguje Pa\u0144stwu prawo wniesienia skargi do organu nadzorczego ds. ochrony danych osobowych, kt\u00f3rym na terytorium Polski jest Prezes Urz\u0119du Ochrony Danych Osobowych, <a href=\"https:\/\/uodo.gov.pl\/\">uodo.gov.pl<\/a>.<\/p>\n\n\n\n<h3 class=\"wp-block-heading\"><strong>Zautomatyzowane podejmowanie decyzji\/ profilowanie<\/strong><\/h3>\n\n\n\n<p class=\"p_justify\">Pa\u0144stwa dane osobowe, jak r\u00f3wnie\u017c dane osobowe Pa\u0144stwa Dzieci nie b\u0119d\u0105 podlega\u0142y zautomatyzowanemu podejmowaniu decyzji, ani te\u017c nie b\u0119d\u0105 profilowane.<\/p>\n","protected":false},"excerpt":{"rendered":"<p>Przedszkole Publiczne Edulica 1 KLAUZULA INFORMACYJNA dotycz\u0105ca przetwarzania danych osobowych przekazanych w&nbsp;ramach internetowego formularza kontaktowego oraz rekrutacyjnego Administrator danych osobowych Administratorem danych osobowych Rodzic\u00f3w (Opiekun\u00f3w prawnych) oraz Dzieci jest Przedszkole Publiczne Edulica 1, adres: ul. rtm. Witolda Pileckiego 67\/1, 02-781 Warszawa (\u201eAdministrator\u201d). Administrator to podmiot, kt\u00f3ry decyduje o&nbsp;celach i&nbsp;sposobach przetwarzania danych. Dane kontaktowe Administratora: pileckiego@edulica.pl,&#8230;<\/p>\n","protected":false},"author":1,"featured_media":0,"parent":0,"menu_order":0,"comment_status":"closed","ping_status":"closed","template":"","meta":{"inline_featured_image":false,"footnotes":""},"class_list":["post-601","page","type-page","status-publish","hentry"],"_links":{"self":[{"href":"https:\/\/edulica.edu.pl\/index.php\/wp-json\/wp\/v2\/pages\/601","targetHints":{"allow":["GET"]}}],"collection":[{"href":"https:\/\/edulica.edu.pl\/index.php\/wp-json\/wp\/v2\/pages"}],"about":[{"href":"https:\/\/edulica.edu.pl\/index.php\/wp-json\/wp\/v2\/types\/page"}],"author":[{"embeddable":true,"href":"https:\/\/edulica.edu.pl\/index.php\/wp-json\/wp\/v2\/users\/1"}],"replies":[{"embeddable":true,"href":"https:\/\/edulica.edu.pl\/index.php\/wp-json\/wp\/v2\/comments?post=601"}],"version-history":[{"count":15,"href":"https:\/\/edulica.edu.pl\/index.php\/wp-json\/wp\/v2\/pages\/601\/revisions"}],"predecessor-version":[{"id":1612,"href":"https:\/\/edulica.edu.pl\/index.php\/wp-json\/wp\/v2\/pages\/601\/revisions\/1612"}],"wp:attachment":[{"href":"https:\/\/edulica.edu.pl\/index.php\/wp-json\/wp\/v2\/media?parent=601"}],"curies":[{"name":"wp","href":"https:\/\/api.w.org\/{rel}","templated":true}]}}